{"id":1046,"date":"2025-05-22T15:45:56","date_gmt":"2025-05-22T19:45:56","guid":{"rendered":"https:\/\/clinicaescolainisa.ufms.br\/?page_id=1046"},"modified":"2025-09-16T11:06:13","modified_gmt":"2025-09-16T15:06:13","slug":"ana-atendimento-nutricional-ambulatorial-para-academicos","status":"publish","type":"page","link":"https:\/\/clinicaescolainisa.ufms.br\/en\/ana-atendimento-nutricional-ambulatorial-para-academicos\/","title":{"rendered":"ANA \u2013 Atendimento Nutricional Ambulatorial para Acad\u00eamicos"},"content":{"rendered":"<p><a href=\"https:\/\/clinicaescolainisa.ufms.br\/files\/2025\/05\/Atendimento-Nutricional-na-Clinica-Escola-Integrada-INISAUFMS.png\"><img fetchpriority=\"high\" decoding=\"async\" class=\"aligncenter wp-image-1047\" src=\"https:\/\/clinicaescolainisa.ufms.br\/files\/2025\/05\/Atendimento-Nutricional-na-Clinica-Escola-Integrada-INISAUFMS.png\" alt=\"\" width=\"600\" height=\"503\" srcset=\"https:\/\/clinicaescolainisa.ufms.br\/files\/2025\/05\/Atendimento-Nutricional-na-Clinica-Escola-Integrada-INISAUFMS.png 940w, https:\/\/clinicaescolainisa.ufms.br\/files\/2025\/05\/Atendimento-Nutricional-na-Clinica-Escola-Integrada-INISAUFMS-300x251.png 300w, https:\/\/clinicaescolainisa.ufms.br\/files\/2025\/05\/Atendimento-Nutricional-na-Clinica-Escola-Integrada-INISAUFMS-768x644.png 768w, https:\/\/clinicaescolainisa.ufms.br\/files\/2025\/05\/Atendimento-Nutricional-na-Clinica-Escola-Integrada-INISAUFMS-382x320.png 382w\" sizes=\"(max-width: 600px) 100vw, 600px\" \/><\/a><\/p>\n<ul>\n<li><strong>Vagas dispon\u00edveis:<\/strong> Em breve<\/li>\n<li><strong>P\u00fablico-alvo:<\/strong> Acad\u00eamicos da UFMS<\/li>\n<li><strong>Per\u00edodo de Inscri\u00e7\u00e3o:<\/strong> Em breve<\/li>\n<\/ul>\n<p><strong>Observa\u00e7\u00f5es Importantes:<\/strong><\/p>\n<ul>\n<li>*As inscri\u00e7\u00f5es ser\u00e3o encerradas automaticamente assim que todas as vagas forem preenchidas;<\/li>\n<li>A solicita\u00e7\u00e3o de atendimento\u00a0<strong>n\u00e3o garante o agendamento autom\u00e1tico;<\/strong><\/li>\n<li>As informa\u00e7\u00f5es fornecidas passar\u00e3o por triagem e an\u00e1lise pr\u00e9via dos profissionais de nutri\u00e7\u00e3o.<\/li>\n<li>O agendamento ser\u00e1 realizado conforme as especificidades e a capacidade de atendimento da Cl\u00ednica Escola Integrada.<\/li>\n<\/ul>\n<p style=\"text-align: center\">\n<p>&nbsp;<\/p>\n","protected":false},"excerpt":{"rendered":"<p>Vagas dispon\u00edveis: Em breve P\u00fablico-alvo: Acad\u00eamicos da UFMS Per\u00edodo de Inscri\u00e7\u00e3o: Em breve Observa\u00e7\u00f5es Importantes: *As inscri\u00e7\u00f5es ser\u00e3o encerradas automaticamente assim que todas as vagas forem preenchidas; A solicita\u00e7\u00e3o de atendimento\u00a0n\u00e3o garante o agendamento autom\u00e1tico; As informa\u00e7\u00f5es fornecidas passar\u00e3o por triagem e an\u00e1lise pr\u00e9via dos profissionais de nutri\u00e7\u00e3o. O agendamento ser\u00e1 realizado conforme as especificidades [&hellip;]<\/p>\n","protected":false},"author":1033,"featured_media":0,"parent":0,"menu_order":0,"comment_status":"closed","ping_status":"closed","template":"","meta":{"_acf_changed":false,"footnotes":""},"coauthors":[8],"class_list":["post-1046","page","type-page","status-publish","hentry"],"acf":[],"_links":{"self":[{"href":"https:\/\/clinicaescolainisa.ufms.br\/en\/wp-json\/wp\/v2\/pages\/1046","targetHints":{"allow":["GET"]}}],"collection":[{"href":"https:\/\/clinicaescolainisa.ufms.br\/en\/wp-json\/wp\/v2\/pages"}],"about":[{"href":"https:\/\/clinicaescolainisa.ufms.br\/en\/wp-json\/wp\/v2\/types\/page"}],"author":[{"embeddable":true,"href":"https:\/\/clinicaescolainisa.ufms.br\/en\/wp-json\/wp\/v2\/users\/1033"}],"replies":[{"embeddable":true,"href":"https:\/\/clinicaescolainisa.ufms.br\/en\/wp-json\/wp\/v2\/comments?post=1046"}],"version-history":[{"count":6,"href":"https:\/\/clinicaescolainisa.ufms.br\/en\/wp-json\/wp\/v2\/pages\/1046\/revisions"}],"predecessor-version":[{"id":1181,"href":"https:\/\/clinicaescolainisa.ufms.br\/en\/wp-json\/wp\/v2\/pages\/1046\/revisions\/1181"}],"wp:attachment":[{"href":"https:\/\/clinicaescolainisa.ufms.br\/en\/wp-json\/wp\/v2\/media?parent=1046"}],"wp:term":[{"taxonomy":"author","embeddable":true,"href":"https:\/\/clinicaescolainisa.ufms.br\/en\/wp-json\/wp\/v2\/coauthors?post=1046"}],"curies":[{"name":"wp","href":"https:\/\/api.w.org\/{rel}","templated":true}]}}