{"id":1136,"date":"2025-08-11T11:29:40","date_gmt":"2025-08-11T15:29:40","guid":{"rendered":"https:\/\/clinicaescolainisa.ufms.br\/?page_id=1136"},"modified":"2025-08-11T11:48:10","modified_gmt":"2025-08-11T15:48:10","slug":"fisioterapia-na-saude-do-idoso","status":"publish","type":"page","link":"https:\/\/clinicaescolainisa.ufms.br\/en\/fisioterapia-na-saude-do-idoso\/","title":{"rendered":"Fisioterapia na Sa\u00fade do Idoso"},"content":{"rendered":"<p><a href=\"https:\/\/clinicaescolainisa.ufms.br\/files\/2025\/08\/CEI-Clinica-Escola-Integrada-INISA-Instituto-Integrado-de-Saude-4.png\"><img fetchpriority=\"high\" decoding=\"async\" class=\"alignnone wp-image-1139 size-medium\" src=\"https:\/\/clinicaescolainisa.ufms.br\/files\/2025\/08\/CEI-Clinica-Escola-Integrada-INISA-Instituto-Integrado-de-Saude-4-240x300.png\" alt=\"\" width=\"240\" height=\"300\" srcset=\"https:\/\/clinicaescolainisa.ufms.br\/files\/2025\/08\/CEI-Clinica-Escola-Integrada-INISA-Instituto-Integrado-de-Saude-4-240x300.png 240w, https:\/\/clinicaescolainisa.ufms.br\/files\/2025\/08\/CEI-Clinica-Escola-Integrada-INISA-Instituto-Integrado-de-Saude-4-819x1024.png 819w, https:\/\/clinicaescolainisa.ufms.br\/files\/2025\/08\/CEI-Clinica-Escola-Integrada-INISA-Instituto-Integrado-de-Saude-4-768x960.png 768w, https:\/\/clinicaescolainisa.ufms.br\/files\/2025\/08\/CEI-Clinica-Escola-Integrada-INISA-Instituto-Integrado-de-Saude-4-256x320.png 256w, https:\/\/clinicaescolainisa.ufms.br\/files\/2025\/08\/CEI-Clinica-Escola-Integrada-INISA-Instituto-Integrado-de-Saude-4.png 1080w\" sizes=\"(max-width: 240px) 100vw, 240px\" \/><\/a><\/p>\n<ul>\n<li><strong>In\u00edcio do Per\u00edodo de Inscri\u00e7\u00e3o:<\/strong> 11 de agosto.<\/li>\n<li><strong>P\u00fablico-alvo:<\/strong> Idosos.<\/li>\n<li><strong>Vagas dispon\u00edveis:<\/strong> 15 vagas, distribu\u00eddas por faixa et\u00e1ria:\n<ul data-start=\"135\" data-end=\"227\">\n<li data-start=\"135\" data-end=\"165\">\n<p data-start=\"137\" data-end=\"165\"><strong data-start=\"137\" data-end=\"148\">05 vagas<\/strong> \u2013 60 a 70 anos;<\/p>\n<\/li>\n<li data-start=\"166\" data-end=\"196\">\n<p data-start=\"168\" data-end=\"196\"><strong data-start=\"168\" data-end=\"179\">05 vagas<\/strong> \u2013 71 a 76 anos;<\/p>\n<\/li>\n<li data-start=\"197\" data-end=\"227\">\n<p data-start=\"199\" data-end=\"227\"><strong data-start=\"199\" data-end=\"210\">05 vagas<\/strong> \u2013 77 a 85 anos.<\/p>\n<\/li>\n<\/ul>\n<\/li>\n<li><strong>Atendimento:<\/strong> Os atendimentos ser\u00e3o \u00e0s sextas-feiras, pela manh\u00e3.<\/li>\n<\/ul>\n<p><strong>Observa\u00e7\u00e3o:<\/strong><\/p>\n<p><strong>As inscri\u00e7\u00f5es ser\u00e3o encerradas automaticamente assim que todas as vagas forem preenchidas.<\/strong><\/p>\n<p><strong>Importante:<\/strong><\/p>\n<p>A solicita\u00e7\u00e3o de atendimento\u00a0<strong>n\u00e3o garante o agendamento autom\u00e1tico<\/strong>, pois as informa\u00e7\u00f5es fornecidas passar\u00e3o por triagem e an\u00e1lise pr\u00e9via dos profissionais de sa\u00fade. O agendamento ser\u00e1 realizado conforme as especificidades e a capacidade de atendimento da Cl\u00ednica Escola Integrada.<\/p>\n<p>&nbsp;<\/p>\n<p style=\"text-align: center\"><a href=\"https:\/\/docs.google.com\/forms\/d\/e\/1FAIpQLScTzArhMgeHdYinxYCi72VI7jItibowqRhj5d-gQPMHC-I3XA\/viewform?usp=dialog\" target=\"_blank\" rel=\"noopener\">INSCRI\u00c7\u00d5ES AQUI<\/a><\/p>\n<p>&nbsp;<\/p>\n","protected":false},"excerpt":{"rendered":"<p>In\u00edcio do Per\u00edodo de Inscri\u00e7\u00e3o: 11 de agosto. P\u00fablico-alvo: Idosos. Vagas dispon\u00edveis: 15 vagas, distribu\u00eddas por faixa et\u00e1ria: 05 vagas \u2013 60 a 70 anos; 05 vagas \u2013 71 a 76 anos; 05 vagas \u2013 77 a 85 anos. Atendimento: Os atendimentos ser\u00e3o \u00e0s sextas-feiras, pela manh\u00e3. Observa\u00e7\u00e3o: As inscri\u00e7\u00f5es ser\u00e3o encerradas automaticamente assim que [&hellip;]<\/p>\n","protected":false},"author":1033,"featured_media":1139,"parent":0,"menu_order":0,"comment_status":"closed","ping_status":"closed","template":"","meta":{"_acf_changed":false,"footnotes":""},"coauthors":[8],"class_list":["post-1136","page","type-page","status-publish","has-post-thumbnail","hentry"],"acf":[],"_links":{"self":[{"href":"https:\/\/clinicaescolainisa.ufms.br\/en\/wp-json\/wp\/v2\/pages\/1136","targetHints":{"allow":["GET"]}}],"collection":[{"href":"https:\/\/clinicaescolainisa.ufms.br\/en\/wp-json\/wp\/v2\/pages"}],"about":[{"href":"https:\/\/clinicaescolainisa.ufms.br\/en\/wp-json\/wp\/v2\/types\/page"}],"author":[{"embeddable":true,"href":"https:\/\/clinicaescolainisa.ufms.br\/en\/wp-json\/wp\/v2\/users\/1033"}],"replies":[{"embeddable":true,"href":"https:\/\/clinicaescolainisa.ufms.br\/en\/wp-json\/wp\/v2\/comments?post=1136"}],"version-history":[{"count":3,"href":"https:\/\/clinicaescolainisa.ufms.br\/en\/wp-json\/wp\/v2\/pages\/1136\/revisions"}],"predecessor-version":[{"id":1142,"href":"https:\/\/clinicaescolainisa.ufms.br\/en\/wp-json\/wp\/v2\/pages\/1136\/revisions\/1142"}],"wp:featuredmedia":[{"embeddable":true,"href":"https:\/\/clinicaescolainisa.ufms.br\/en\/wp-json\/wp\/v2\/media\/1139"}],"wp:attachment":[{"href":"https:\/\/clinicaescolainisa.ufms.br\/en\/wp-json\/wp\/v2\/media?parent=1136"}],"wp:term":[{"taxonomy":"author","embeddable":true,"href":"https:\/\/clinicaescolainisa.ufms.br\/en\/wp-json\/wp\/v2\/coauthors?post=1136"}],"curies":[{"name":"wp","href":"https:\/\/api.w.org\/{rel}","templated":true}]}}