{"id":1150,"date":"2025-08-13T13:17:38","date_gmt":"2025-08-13T17:17:38","guid":{"rendered":"https:\/\/clinicaescolainisa.ufms.br\/?page_id=1150"},"modified":"2026-04-24T08:57:03","modified_gmt":"2026-04-24T12:57:03","slug":"ortopedia","status":"publish","type":"page","link":"https:\/\/clinicaescolainisa.ufms.br\/en\/ortopedia\/","title":{"rendered":"Ortopedia"},"content":{"rendered":"<img fetchpriority=\"high\" decoding=\"async\" class=\"size-medium wp-image-417\" src=\"https:\/\/clinicaescolainisa.ufms.br\/files\/2024\/05\/ortopedista-300x200.jpg\" alt=\"\" width=\"300\" height=\"200\" srcset=\"https:\/\/clinicaescolainisa.ufms.br\/files\/2024\/05\/ortopedista-300x200.jpg 300w, https:\/\/clinicaescolainisa.ufms.br\/files\/2024\/05\/ortopedista-480x320.jpg 480w, https:\/\/clinicaescolainisa.ufms.br\/files\/2024\/05\/ortopedista-350x233.jpg 350w, https:\/\/clinicaescolainisa.ufms.br\/files\/2024\/05\/ortopedista.jpg 612w\" sizes=\"(max-width: 300px) 100vw, 300px\" \/><\/p>\n<ul>\n<li><strong>Vagas dispon\u00edveis:<\/strong> 10 vagas<\/li>\n<li><strong>Per\u00edodo de Inscri\u00e7\u00e3o: <\/strong>27 de fevereiro de 2026<\/li>\n<li><strong>P\u00fablico-alvo:<\/strong>\u00a0Pacientes de\u00a0<strong>3 a 64 anos<\/strong>\u00a0com:\n<ul>\n<li>Patologias ortop\u00e9dicas e reumatol\u00f3gicas sem acometimento neurol\u00f3gico;<\/li>\n<li>P\u00f3s-operat\u00f3rios de fraturas;<\/li>\n<li>Altera\u00e7\u00f5es na coluna vertebral (cervical, tor\u00e1cica e lombar);<\/li>\n<li>Dist\u00farbios de ATM;<\/li>\n<li>Escolioses, entre outros.<\/li>\n<\/ul>\n<\/li>\n<li><strong>Atendimento:<\/strong> Os atendimentos ser\u00e3o realizados \u00e0s segundas, quartas e sextas-feiras, no per\u00edodo da manh\u00e3.<\/li>\n<\/ul>\n<p><strong>Observa\u00e7\u00e3o:<\/strong><\/p>\n<p><span style=\"font-size: 12pt\"><strong>As inscri\u00e7\u00f5es ser\u00e3o encerradas automaticamente assim que todas as vagas forem preenchidas.<\/strong><\/span><\/p>\n<p><strong>Importante:<\/strong><\/p>\n<p>A solicita\u00e7\u00e3o de atendimento\u00a0<strong>n\u00e3o garante o agendamento autom\u00e1tico<\/strong>, pois as informa\u00e7\u00f5es fornecidas passar\u00e3o por triagem e an\u00e1lise pr\u00e9via dos profissionais de sa\u00fade. O agendamento ser\u00e1 realizado conforme as especificidades e a capacidade de atendimento da Cl\u00ednica Escola Integrada.<\/p>\n<p>&nbsp;<\/p>\n<p style=\"text-align: center\"><a href=\"https:\/\/forms.gle\/8TC49B2Yta4woBPs5\" target=\"_blank\" rel=\"noopener\">INSCREVA-SE AQUI<\/a><\/p>","protected":false},"excerpt":{"rendered":"<p>Vagas dispon\u00edveis: 10 vagas Per\u00edodo de Inscri\u00e7\u00e3o: 27 de fevereiro de 2026 P\u00fablico-alvo:\u00a0Pacientes de\u00a03 a 64 anos\u00a0com: Patologias ortop\u00e9dicas e reumatol\u00f3gicas sem acometimento neurol\u00f3gico; P\u00f3s-operat\u00f3rios de fraturas; Altera\u00e7\u00f5es na coluna vertebral (cervical, tor\u00e1cica e lombar); Dist\u00farbios de ATM; Escolioses, entre outros. Atendimento: Os atendimentos ser\u00e3o realizados \u00e0s segundas, quartas e sextas-feiras, no per\u00edodo da manh\u00e3. [&hellip;]<\/p>\n","protected":false},"author":1033,"featured_media":0,"parent":0,"menu_order":0,"comment_status":"closed","ping_status":"closed","template":"","meta":{"_acf_changed":false,"footnotes":""},"coauthors":[8],"class_list":["post-1150","page","type-page","status-publish","hentry"],"acf":[],"_links":{"self":[{"href":"https:\/\/clinicaescolainisa.ufms.br\/en\/wp-json\/wp\/v2\/pages\/1150","targetHints":{"allow":["GET"]}}],"collection":[{"href":"https:\/\/clinicaescolainisa.ufms.br\/en\/wp-json\/wp\/v2\/pages"}],"about":[{"href":"https:\/\/clinicaescolainisa.ufms.br\/en\/wp-json\/wp\/v2\/types\/page"}],"author":[{"embeddable":true,"href":"https:\/\/clinicaescolainisa.ufms.br\/en\/wp-json\/wp\/v2\/users\/1033"}],"replies":[{"embeddable":true,"href":"https:\/\/clinicaescolainisa.ufms.br\/en\/wp-json\/wp\/v2\/comments?post=1150"}],"version-history":[{"count":10,"href":"https:\/\/clinicaescolainisa.ufms.br\/en\/wp-json\/wp\/v2\/pages\/1150\/revisions"}],"predecessor-version":[{"id":1313,"href":"https:\/\/clinicaescolainisa.ufms.br\/en\/wp-json\/wp\/v2\/pages\/1150\/revisions\/1313"}],"wp:attachment":[{"href":"https:\/\/clinicaescolainisa.ufms.br\/en\/wp-json\/wp\/v2\/media?parent=1150"}],"wp:term":[{"taxonomy":"author","embeddable":true,"href":"https:\/\/clinicaescolainisa.ufms.br\/en\/wp-json\/wp\/v2\/coauthors?post=1150"}],"curies":[{"name":"wp","href":"https:\/\/api.w.org\/{rel}","templated":true}]}}