{"id":1256,"date":"2025-12-05T13:59:56","date_gmt":"2025-12-05T17:59:56","guid":{"rendered":"https:\/\/clinicaescolainisa.ufms.br\/?page_id=1256"},"modified":"2025-12-07T13:58:08","modified_gmt":"2025-12-07T17:58:08","slug":"solicitacao-de-atividades-2","status":"publish","type":"page","link":"https:\/\/clinicaescolainisa.ufms.br\/en\/solicitacao-de-atividades-2\/","title":{"rendered":"Solicita\u00e7\u00e3o de Atividades"},"content":{"rendered":"<p><strong>Fluxo de Solicita\u00e7\u00e3o de Atividades \u2013 Cl\u00ednica Escola Integrada<\/strong><\/p>\n<div id=\"attachment_299\" class=\"wp-caption aligncenter\">\n<p><a href=\"https:\/\/clinicaescolainisa.ufms.br\/files\/2023\/03\/modelo-solicitacao-de-atividade-1024x748-1.png\"><img fetchpriority=\"high\" decoding=\"async\" class=\"wp-image-299\" src=\"https:\/\/clinicaescolainisa.ufms.br\/files\/2023\/03\/modelo-solicitacao-de-atividade-1024x748-1.png\" alt=\"\" width=\"600\" height=\"438\" aria-describedby=\"caption-attachment-299\" srcset=\"https:\/\/clinicaescolainisa.ufms.br\/files\/2023\/03\/modelo-solicitacao-de-atividade-1024x748-1.png 1024w, https:\/\/clinicaescolainisa.ufms.br\/files\/2023\/03\/modelo-solicitacao-de-atividade-1024x748-1-300x219.png 300w, https:\/\/clinicaescolainisa.ufms.br\/files\/2023\/03\/modelo-solicitacao-de-atividade-1024x748-1-768x561.png 768w, https:\/\/clinicaescolainisa.ufms.br\/files\/2023\/03\/modelo-solicitacao-de-atividade-1024x748-1-438x320.png 438w\" sizes=\"(max-width: 600px) 100vw, 600px\" \/><\/a><\/p>\n<p id=\"caption-attachment-299\" class=\"wp-caption-text\">Clique na Imagem para ampliar!<\/p>\n<\/div>\n<div class=\"group\/conversation-turn relative flex w-full min-w-0 flex-col agent-turn\">\n<div class=\"flex-col gap-1 md:gap-3\">\n<div class=\"flex max-w-full flex-col flex-grow\">\n<div class=\"min-h-8 text-message flex w-full flex-col items-end gap-2 whitespace-normal break-words text-start [.text-message+&amp;]:mt-5\" dir=\"auto\" data-message-author-role=\"assistant\" data-message-id=\"9bd392cb-07a3-4dc0-95c7-0f2088cc0664\" data-message-model-slug=\"gpt-4o-mini\">\n<div class=\"flex w-full flex-col gap-1 empty:hidden first:pt-[3px]\">\n<h2 class=\"markdown prose w-full break-words dark:prose-invert light\"><strong>Processo de Ensalamento \u2013 CEI | 2026.1<\/strong><\/h2>\n<\/div>\n<p data-start=\"410\" data-end=\"702\">A Cl\u00ednica Escola Integrada (CEI) do Instituto Integrado de Sa\u00fade (INISA\/UFMS) informa aos(as) docentes, discentes e demais interessados(as) os prazos e procedimentos para a solicita\u00e7\u00e3o de salas e espa\u00e7os destinados \u00e0 realiza\u00e7\u00e3o de atividades acad\u00eamicas e assistenciais no semestre\u00a0<strong data-start=\"691\" data-end=\"701\">2026.1<\/strong>.<\/p>\n<h3 data-start=\"575\" data-end=\"623\"><strong data-start=\"579\" data-end=\"623\">Cronograma de Solicita\u00e7\u00e3o de Ensalamento<\/strong><\/h3>\n<p data-start=\"625\" data-end=\"727\">As solicita\u00e7\u00f5es devem ser realizadas conforme a natureza da atividade e dentro dos seguintes per\u00edodos:<\/p>\n<div class=\"_tableContainer_16hzy_1\">\n<div class=\"_tableWrapper_16hzy_14 group flex w-fit flex-col-reverse\">\n<table>\n<thead>\n<tr>\n<th>\n<h3><strong>Ordem<\/strong><\/h3>\n<\/th>\n<th>\n<h3><strong>Atividade<\/strong><\/h3>\n<\/th>\n<th>\n<h3><strong>Per\u00edodo de Solicita\u00e7\u00e3o<\/strong><\/h3>\n<\/th>\n<\/tr>\n<\/thead>\n<tbody>\n<tr>\n<td>1<\/td>\n<td>Est\u00e1gios e Pr\u00e1ticas de Disciplinas<\/td>\n<td>01\/12 a 03\/12<\/td>\n<\/tr>\n<tr>\n<td>2<\/td>\n<td>Extens\u00e3o<\/td>\n<td>04\/12 a 06\/12<\/td>\n<\/tr>\n<tr>\n<td>3<\/td>\n<td>Pesquisa e Resid\u00eancia<\/td>\n<td>07\/12 a 09\/12<\/td>\n<\/tr>\n<tr>\n<td>4<\/td>\n<td>Per\u00edodo de Ajuste<\/td>\n<td>10\/12 a 12\/12<\/td>\n<\/tr>\n<\/tbody>\n<\/table>\n<\/div>\n<\/div>\n<\/div>\n<h3 data-start=\"1237\" data-end=\"1273\"><strong data-start=\"1241\" data-end=\"1273\">Como Solicitar o Ensalamento<\/strong><\/h3>\n<p data-start=\"1275\" data-end=\"1441\">Para solicitar o ensalamento, clique nos links abaixo e preencha o formul\u00e1rio eletr\u00f4nico correspondente \u00e0 sua atividade, respeitando o per\u00edodo indicado no cronograma:<\/p>\n<ul data-start=\"1443\" data-end=\"1598\">\n<li data-start=\"1443\" data-end=\"1500\">\n<p data-start=\"1445\" data-end=\"1500\"><a class=\"\" href=\"https:\/\/docs.google.com\/forms\/d\/e\/1FAIpQLSem5CTFhu_omxzShmjg6sio4UVwdSvOJ6yEQEWNrH4IkRnnFQ\/viewform?usp=dialog\" target=\"_blank\" rel=\"noopener\" data-start=\"1445\" data-end=\"1500\">Formul\u00e1rio para Est\u00e1gios e Pr\u00e1ticas de Disciplinas<\/a><\/p>\n<\/li>\n<li data-start=\"1501\" data-end=\"1532\">\n<p data-start=\"1503\" data-end=\"1532\"><a class=\"\" href=\"https:\/\/docs.google.com\/forms\/d\/e\/1FAIpQLSc35cdcNDwOJaCiTXcsI26e4gkD2ixn4nNGMu2_nFfHujh9eg\/viewform?usp=dialog\" target=\"_blank\" rel=\"noopener\" data-start=\"1503\" data-end=\"1532\">Formul\u00e1rio para Extens\u00e3o<\/a><\/p>\n<\/li>\n<li data-start=\"1533\" data-end=\"1566\">\n<p data-start=\"1535\" data-end=\"1566\"><a class=\"\" href=\"https:\/\/forms.gle\/GHFV1P6i7VRwcHEq9\" rel=\"noopener\" data-start=\"1535\" data-end=\"1566\">Formul\u00e1rio para Resid\u00eancia<\/a><\/p>\n<\/li>\n<li data-start=\"1567\" data-end=\"1598\">\n<p data-start=\"1569\" data-end=\"1598\"><a class=\"\" href=\"https:\/\/forms.gle\/Kfjra7ZeBESsJyug9\" target=\"_blank\" rel=\"noopener\" data-start=\"1569\" data-end=\"1598\">Formul\u00e1rio para Pesquisa<\/a><\/p>\n<\/li>\n<\/ul>\n<p data-start=\"1600\" data-end=\"1701\">\u26a0\ufe0f\u00a0<strong data-start=\"1603\" data-end=\"1618\">Importante:<\/strong>\u00a0utilize o formul\u00e1rio adequado \u00e0 sua atividade e atente-se ao prazo correspondente.<\/p>\n<h3 data-start=\"1708\" data-end=\"1757\"><strong data-start=\"1712\" data-end=\"1757\">Crit\u00e9rios Obrigat\u00f3rios para a Solicita\u00e7\u00e3o<\/strong><\/h3>\n<p data-start=\"1759\" data-end=\"1892\">Para garantir a organiza\u00e7\u00e3o e a qualidade dos atendimentos, todas as solicita\u00e7\u00f5es devem seguir\u00a0<strong data-start=\"1854\" data-end=\"1871\">rigorosamente<\/strong>\u00a0os crit\u00e9rios abaixo:<\/p>\n<ul data-start=\"1894\" data-end=\"2419\">\n<li data-start=\"1894\" data-end=\"1953\">\n<p data-start=\"1896\" data-end=\"1953\">Preencher corretamente\u00a0<strong>todos os dados solicitados e campos obrigat\u00f3rios<\/strong>\u00a0do formul\u00e1rio.<\/p>\n<\/li>\n<li data-start=\"1954\" data-end=\"2068\">\n<p data-start=\"1956\" data-end=\"2068\">Informar o\u00a0<strong data-start=\"420\" data-end=\"456\">nome completo, telefone e e-mail<\/strong>\u00a0de todos(as) os(as) discentes e respons\u00e1veis pelos atendimentos.\u00a0<strong data-start=\"522\" data-end=\"601\">Somente ap\u00f3s o envio de todas essas informa\u00e7\u00f5es a atividade poder\u00e1 iniciar.<\/strong><\/p>\n<\/li>\n<li data-start=\"2069\" data-end=\"2240\">\n<p data-start=\"2071\" data-end=\"2240\">Respeitar o limite m\u00e1ximo de\u00a0<strong data-start=\"2100\" data-end=\"2144\">at\u00e9 3 espa\u00e7os\/consult\u00f3rios por atividade<\/strong>, salvo disponibilidade adicional, que ser\u00e1 avaliada e definida durante o\u00a0<strong data-start=\"2218\" data-end=\"2239\">Per\u00edodo de Ajuste<\/strong>.<\/p>\n<\/li>\n<li data-start=\"2241\" data-end=\"2325\">\n<p data-start=\"2243\" data-end=\"2325\">Realizar o preenchimento\u00a0<strong data-start=\"2268\" data-end=\"2278\">mensal<\/strong>\u00a0do\u00a0<strong data-start=\"2282\" data-end=\"2324\">Formul\u00e1rio de Controle de Atendimentos<\/strong>.<\/p>\n<\/li>\n<li data-start=\"2326\" data-end=\"2419\">\n<p data-start=\"2328\" data-end=\"2419\">Ler atentamente e assinar o\u00a0<strong data-start=\"2357\" data-end=\"2418\">Termo de Compromisso para Realiza\u00e7\u00e3o de Atividades na CEI<\/strong>.<\/p>\n<\/li>\n<\/ul>\n<p>\u26a0\ufe0f\u00a0<strong data-start=\"1603\" data-end=\"1618\">Importante:<\/strong>\u00a0somente ser\u00e3o aceitas as solicita\u00e7\u00f5es que cumprirem\u00a0<strong data-start=\"2527\" data-end=\"2549\">todos os crit\u00e9rios<\/strong>\u00a0acima.<\/p>\n<\/div>\n<\/div>\n<\/div>\n","protected":false},"excerpt":{"rendered":"<p>Fluxo de Solicita\u00e7\u00e3o de Atividades \u2013 Cl\u00ednica Escola Integrada Clique na Imagem para ampliar! Processo de Ensalamento \u2013 CEI | 2026.1 A Cl\u00ednica Escola Integrada (CEI) do Instituto Integrado de Sa\u00fade (INISA\/UFMS) informa aos(as) docentes, discentes e demais interessados(as) os prazos e procedimentos para a solicita\u00e7\u00e3o de salas e espa\u00e7os destinados \u00e0 realiza\u00e7\u00e3o de atividades [&hellip;]<\/p>\n","protected":false},"author":1033,"featured_media":0,"parent":0,"menu_order":0,"comment_status":"closed","ping_status":"closed","template":"","meta":{"_acf_changed":false,"footnotes":""},"coauthors":[8],"class_list":["post-1256","page","type-page","status-publish","hentry"],"acf":[],"_links":{"self":[{"href":"https:\/\/clinicaescolainisa.ufms.br\/en\/wp-json\/wp\/v2\/pages\/1256","targetHints":{"allow":["GET"]}}],"collection":[{"href":"https:\/\/clinicaescolainisa.ufms.br\/en\/wp-json\/wp\/v2\/pages"}],"about":[{"href":"https:\/\/clinicaescolainisa.ufms.br\/en\/wp-json\/wp\/v2\/types\/page"}],"author":[{"embeddable":true,"href":"https:\/\/clinicaescolainisa.ufms.br\/en\/wp-json\/wp\/v2\/users\/1033"}],"replies":[{"embeddable":true,"href":"https:\/\/clinicaescolainisa.ufms.br\/en\/wp-json\/wp\/v2\/comments?post=1256"}],"version-history":[{"count":5,"href":"https:\/\/clinicaescolainisa.ufms.br\/en\/wp-json\/wp\/v2\/pages\/1256\/revisions"}],"predecessor-version":[{"id":1268,"href":"https:\/\/clinicaescolainisa.ufms.br\/en\/wp-json\/wp\/v2\/pages\/1256\/revisions\/1268"}],"wp:attachment":[{"href":"https:\/\/clinicaescolainisa.ufms.br\/en\/wp-json\/wp\/v2\/media?parent=1256"}],"wp:term":[{"taxonomy":"author","embeddable":true,"href":"https:\/\/clinicaescolainisa.ufms.br\/en\/wp-json\/wp\/v2\/coauthors?post=1256"}],"curies":[{"name":"wp","href":"https:\/\/api.w.org\/{rel}","templated":true}]}}