{"id":1271,"date":"2026-02-24T16:18:16","date_gmt":"2026-02-24T20:18:16","guid":{"rendered":"https:\/\/clinicaescolainisa.ufms.br\/?page_id=1271"},"modified":"2026-03-05T09:13:13","modified_gmt":"2026-03-05T13:13:13","slug":"atendimento-neurologico-em-pediatria","status":"publish","type":"page","link":"https:\/\/clinicaescolainisa.ufms.br\/en\/atendimento-neurologico-em-pediatria\/","title":{"rendered":"Atendimento Neurol\u00f3gico em Pediatria"},"content":{"rendered":"<ul>\n<li><strong>Vagas dispon\u00edveis:<\/strong> 06 vagas<\/li>\n<li><strong>\u00cdnicio do Per\u00edodo de Inscri\u00e7\u00e3o: <\/strong>05 de mar\u00e7o de 2026<\/li>\n<li><strong>P\u00fablico-alvo:<\/strong> Crian\u00e7as de 0 a 5 anos com afec\u00e7\u00f5es neurol\u00f3gicas ou atraso no desenvolvimento neuromotor.<\/li>\n<li><strong>Atendimento:<\/strong> Os atendimentos ser\u00e3o realizados \u00e0s ter\u00e7as e quintas-feiras, no per\u00edodo da manh\u00e3.<\/li>\n<\/ul>\n<p><strong>Observa\u00e7\u00e3o:<\/strong><\/p>\n<p><strong>As inscri\u00e7\u00f5es ser\u00e3o encerradas automaticamente assim que todas as vagas forem preenchidas.<\/strong><\/p>\n<p><strong>Importante:<\/strong><\/p>\n<p>A solicita\u00e7\u00e3o de atendimento\u00a0<strong>n\u00e3o garante o agendamento autom\u00e1tico<\/strong>, pois as informa\u00e7\u00f5es fornecidas passar\u00e3o por triagem e an\u00e1lise pr\u00e9via dos profissionais de sa\u00fade. O agendamento ser\u00e1 realizado conforme as especificidades e a capacidade de atendimento da Cl\u00ednica Escola Integrada.<\/p>\n<p>&nbsp;<\/p>\n<p style=\"text-align: center\"><strong><a href=\"https:\/\/docs.google.com\/forms\/d\/e\/1FAIpQLSdz1O0SKVK_LO8nVphVAVZF018zLgwSqGAkvxzpfole7tjOIA\/viewform\" target=\"_blank\" rel=\"noopener\">Inscri\u00e7\u00e3o Atendimento Neurol\u00f3gico em Pediatria<\/a><\/strong><\/p>\n","protected":false},"excerpt":{"rendered":"<p>Vagas dispon\u00edveis: 06 vagas \u00cdnicio do Per\u00edodo de Inscri\u00e7\u00e3o: 05 de mar\u00e7o de 2026 P\u00fablico-alvo: Crian\u00e7as de 0 a 5 anos com afec\u00e7\u00f5es neurol\u00f3gicas ou atraso no desenvolvimento neuromotor. Atendimento: Os atendimentos ser\u00e3o realizados \u00e0s ter\u00e7as e quintas-feiras, no per\u00edodo da manh\u00e3. Observa\u00e7\u00e3o: As inscri\u00e7\u00f5es ser\u00e3o encerradas automaticamente assim que todas as vagas forem preenchidas. [&hellip;]<\/p>\n","protected":false},"author":1033,"featured_media":1287,"parent":0,"menu_order":0,"comment_status":"closed","ping_status":"closed","template":"","meta":{"_acf_changed":false,"footnotes":""},"coauthors":[8],"class_list":["post-1271","page","type-page","status-publish","has-post-thumbnail","hentry"],"acf":[],"_links":{"self":[{"href":"https:\/\/clinicaescolainisa.ufms.br\/en\/wp-json\/wp\/v2\/pages\/1271","targetHints":{"allow":["GET"]}}],"collection":[{"href":"https:\/\/clinicaescolainisa.ufms.br\/en\/wp-json\/wp\/v2\/pages"}],"about":[{"href":"https:\/\/clinicaescolainisa.ufms.br\/en\/wp-json\/wp\/v2\/types\/page"}],"author":[{"embeddable":true,"href":"https:\/\/clinicaescolainisa.ufms.br\/en\/wp-json\/wp\/v2\/users\/1033"}],"replies":[{"embeddable":true,"href":"https:\/\/clinicaescolainisa.ufms.br\/en\/wp-json\/wp\/v2\/comments?post=1271"}],"version-history":[{"count":4,"href":"https:\/\/clinicaescolainisa.ufms.br\/en\/wp-json\/wp\/v2\/pages\/1271\/revisions"}],"predecessor-version":[{"id":1288,"href":"https:\/\/clinicaescolainisa.ufms.br\/en\/wp-json\/wp\/v2\/pages\/1271\/revisions\/1288"}],"wp:featuredmedia":[{"embeddable":true,"href":"https:\/\/clinicaescolainisa.ufms.br\/en\/wp-json\/wp\/v2\/media\/1287"}],"wp:attachment":[{"href":"https:\/\/clinicaescolainisa.ufms.br\/en\/wp-json\/wp\/v2\/media?parent=1271"}],"wp:term":[{"taxonomy":"author","embeddable":true,"href":"https:\/\/clinicaescolainisa.ufms.br\/en\/wp-json\/wp\/v2\/coauthors?post=1271"}],"curies":[{"name":"wp","href":"https:\/\/api.w.org\/{rel}","templated":true}]}}