{"id":226,"date":"2022-07-19T11:03:57","date_gmt":"2022-07-19T15:03:57","guid":{"rendered":"https:\/\/clinicaescolainisa.ufms.br\/?page_id=226"},"modified":"2025-10-27T15:51:20","modified_gmt":"2025-10-27T19:51:20","slug":"servicos","status":"publish","type":"page","link":"https:\/\/clinicaescolainisa.ufms.br\/en\/servicos\/","title":{"rendered":"Servi\u00e7os"},"content":{"rendered":"<h1>Projetos de Ensino<\/h1>\n<h2>\u00bb\u00c1rea: Enfermagem<\/h2>\n<ul>\n<li><strong>Enfermagem na Sa\u00fade da Crian\u00e7a<\/strong><\/li>\n<li><strong>Enfermagem em Sa\u00fade Mental I<\/strong><\/li>\n<li><strong>Enfermagem na Sa\u00fade da Crian\u00e7a II<\/strong><\/li>\n<li><strong> Interven\u00e7\u00e3o de Enfermagem na Sa\u00fade da Crian\u00e7a (Projeto Extens\u00e3o\/Est\u00e1gio)<\/strong><\/li>\n<\/ul>\n<h2>\u00bb\u00c1rea: Fisioterapia<\/h2>\n<ul>\n<li><strong>Est\u00e1gio Obrigat\u00f3rio em Territ\u00f3rio II<\/strong><\/li>\n<li><strong>Est\u00e1gio : Territ\u00f3rio I<\/strong><\/li>\n<li><strong>Est\u00e1gio em Territ\u00f3rio de Pr\u00e1tica I<\/strong><\/li>\n<li><strong>Est\u00e1gio em Territ\u00f3rio de Pr\u00e1tica IV<\/strong><\/li>\n<li><strong>Estagio Territ\u00f3rio De Pratica II- Sa\u00fade Da Mulher E Dermatofuncional<\/strong><\/li>\n<li><strong>Est\u00e1gio Supervisionado em Territ\u00f3rio de Pr\u00e1tica II<\/strong><\/li>\n<li><strong>Est\u00e1gio Obrigat\u00f3rio em Territ\u00f3rio II<\/strong><\/li>\n<li><strong>Disciplina Sa\u00fade do Idoso<\/strong><\/li>\n<\/ul>\n<h2>\u00bb\u00c1rea: Nutri\u00e7\u00e3o<\/h2>\n<ul>\n<li><strong>T\u00f3picos Em Consumo Alimentar<\/strong><\/li>\n<li><strong>T\u00f3picos Em Obesidade<\/strong><\/li>\n<li><strong>Est\u00e1gio Obrigat\u00f3rio De Nutri\u00e7\u00e3o Em Sa\u00fade Coletiva<\/strong><\/li>\n<li><strong>Projeto de Gradua\u00e7\u00e3o de Ensino Atendimento Nutricional Ambulatorial (ANA)<\/strong><\/li>\n<li><strong>Nutri\u00e7\u00e3o Cl\u00ednica em Pediatria<\/strong><\/li>\n<li><strong>Est\u00e1gio Obrigat\u00f3rio Em Nutri\u00e7\u00e3o Cl\u00ednica<\/strong><\/li>\n<\/ul>\n","protected":false},"excerpt":{"rendered":"<p>Projetos de Ensino \u00bb\u00c1rea: Enfermagem Enfermagem na Sa\u00fade da Crian\u00e7a Enfermagem em Sa\u00fade Mental I Enfermagem na Sa\u00fade da Crian\u00e7a II Interven\u00e7\u00e3o de Enfermagem na Sa\u00fade da Crian\u00e7a (Projeto Extens\u00e3o\/Est\u00e1gio) \u00bb\u00c1rea: Fisioterapia Est\u00e1gio Obrigat\u00f3rio em Territ\u00f3rio II Est\u00e1gio : Territ\u00f3rio I Est\u00e1gio em Territ\u00f3rio de Pr\u00e1tica I Est\u00e1gio em Territ\u00f3rio de Pr\u00e1tica IV Estagio Territ\u00f3rio [&hellip;]<\/p>\n","protected":false},"author":41978,"featured_media":0,"parent":0,"menu_order":0,"comment_status":"closed","ping_status":"closed","template":"","meta":{"_acf_changed":false,"footnotes":""},"coauthors":[10],"class_list":["post-226","page","type-page","status-publish","hentry"],"acf":[],"_links":{"self":[{"href":"https:\/\/clinicaescolainisa.ufms.br\/en\/wp-json\/wp\/v2\/pages\/226","targetHints":{"allow":["GET"]}}],"collection":[{"href":"https:\/\/clinicaescolainisa.ufms.br\/en\/wp-json\/wp\/v2\/pages"}],"about":[{"href":"https:\/\/clinicaescolainisa.ufms.br\/en\/wp-json\/wp\/v2\/types\/page"}],"author":[{"embeddable":true,"href":"https:\/\/clinicaescolainisa.ufms.br\/en\/wp-json\/wp\/v2\/users\/41978"}],"replies":[{"embeddable":true,"href":"https:\/\/clinicaescolainisa.ufms.br\/en\/wp-json\/wp\/v2\/comments?post=226"}],"version-history":[{"count":16,"href":"https:\/\/clinicaescolainisa.ufms.br\/en\/wp-json\/wp\/v2\/pages\/226\/revisions"}],"predecessor-version":[{"id":1241,"href":"https:\/\/clinicaescolainisa.ufms.br\/en\/wp-json\/wp\/v2\/pages\/226\/revisions\/1241"}],"wp:attachment":[{"href":"https:\/\/clinicaescolainisa.ufms.br\/en\/wp-json\/wp\/v2\/media?parent=226"}],"wp:term":[{"taxonomy":"author","embeddable":true,"href":"https:\/\/clinicaescolainisa.ufms.br\/en\/wp-json\/wp\/v2\/coauthors?post=226"}],"curies":[{"name":"wp","href":"https:\/\/api.w.org\/{rel}","templated":true}]}}