{"id":33,"date":"2021-08-02T15:24:55","date_gmt":"2021-08-02T19:24:55","guid":{"rendered":"https:\/\/clinicaescolainisa.ufms.br\/?page_id=33"},"modified":"2024-09-26T16:12:48","modified_gmt":"2024-09-26T20:12:48","slug":"sobre-nos","status":"publish","type":"page","link":"https:\/\/clinicaescolainisa.ufms.br\/en\/sobre-nos\/","title":{"rendered":"Hist\u00f3rico"},"content":{"rendered":"\t\t<div data-elementor-type=\"wp-page\" data-elementor-id=\"33\" class=\"elementor elementor-33\">\n\t\t\t\t<div class=\"elementor-element elementor-element-12defded e-flex e-con-boxed e-con e-parent\" data-id=\"12defded\" data-element_type=\"container\">\n\t\t\t\t\t<div class=\"e-con-inner\">\n\t\t\t\t<div class=\"elementor-element elementor-element-5890f8b7 elementor-widget elementor-widget-text-editor\" data-id=\"5890f8b7\" data-element_type=\"widget\" data-widget_type=\"text-editor.default\">\n\t\t\t\t<div class=\"elementor-widget-container\">\n\t\t\t\t\t\t\t\t\t<p style=\"text-align: left\"><span style=\"color: #000000;font-family: georgia, palatino, serif\">\u00a0<img fetchpriority=\"high\" decoding=\"async\" class=\"alignnone size-medium wp-image-546\" src=\"https:\/\/clinicaescolainisa.ufms.br\/files\/2024\/09\/WhatsApp-Image-2024-09-26-at-15.44.14-300x225.jpeg\" alt=\"\" width=\"300\" height=\"225\" data-wp-editing=\"1\" srcset=\"https:\/\/clinicaescolainisa.ufms.br\/files\/2024\/09\/WhatsApp-Image-2024-09-26-at-15.44.14-300x225.jpeg 300w, https:\/\/clinicaescolainisa.ufms.br\/files\/2024\/09\/WhatsApp-Image-2024-09-26-at-15.44.14-1024x768.jpeg 1024w, https:\/\/clinicaescolainisa.ufms.br\/files\/2024\/09\/WhatsApp-Image-2024-09-26-at-15.44.14-768x576.jpeg 768w, https:\/\/clinicaescolainisa.ufms.br\/files\/2024\/09\/WhatsApp-Image-2024-09-26-at-15.44.14-427x320.jpeg 427w, https:\/\/clinicaescolainisa.ufms.br\/files\/2024\/09\/WhatsApp-Image-2024-09-26-at-15.44.14.jpeg 1280w\" sizes=\"(max-width: 300px) 100vw, 300px\" \/> <img decoding=\"async\" class=\"alignnone size-medium wp-image-547\" src=\"https:\/\/clinicaescolainisa.ufms.br\/files\/2024\/09\/WhatsApp-Image-2024-09-26-at-15.43.33-300x225.jpeg\" alt=\"\" width=\"300\" height=\"225\" srcset=\"https:\/\/clinicaescolainisa.ufms.br\/files\/2024\/09\/WhatsApp-Image-2024-09-26-at-15.43.33-300x225.jpeg 300w, https:\/\/clinicaescolainisa.ufms.br\/files\/2024\/09\/WhatsApp-Image-2024-09-26-at-15.43.33-1024x768.jpeg 1024w, https:\/\/clinicaescolainisa.ufms.br\/files\/2024\/09\/WhatsApp-Image-2024-09-26-at-15.43.33-768x576.jpeg 768w, https:\/\/clinicaescolainisa.ufms.br\/files\/2024\/09\/WhatsApp-Image-2024-09-26-at-15.43.33-427x320.jpeg 427w, https:\/\/clinicaescolainisa.ufms.br\/files\/2024\/09\/WhatsApp-Image-2024-09-26-at-15.43.33.jpeg 1280w\" sizes=\"(max-width: 300px) 100vw, 300px\" \/> <img decoding=\"async\" class=\"alignnone size-medium wp-image-548\" src=\"https:\/\/clinicaescolainisa.ufms.br\/files\/2024\/09\/WhatsApp-Image-2024-09-26-at-15.42.54-300x225.jpeg\" alt=\"\" width=\"300\" height=\"225\" srcset=\"https:\/\/clinicaescolainisa.ufms.br\/files\/2024\/09\/WhatsApp-Image-2024-09-26-at-15.42.54-300x225.jpeg 300w, https:\/\/clinicaescolainisa.ufms.br\/files\/2024\/09\/WhatsApp-Image-2024-09-26-at-15.42.54-1024x768.jpeg 1024w, https:\/\/clinicaescolainisa.ufms.br\/files\/2024\/09\/WhatsApp-Image-2024-09-26-at-15.42.54-768x576.jpeg 768w, https:\/\/clinicaescolainisa.ufms.br\/files\/2024\/09\/WhatsApp-Image-2024-09-26-at-15.42.54-427x320.jpeg 427w, https:\/\/clinicaescolainisa.ufms.br\/files\/2024\/09\/WhatsApp-Image-2024-09-26-at-15.42.54.jpeg 1280w\" sizes=\"(max-width: 300px) 100vw, 300px\" \/> <img loading=\"lazy\" decoding=\"async\" class=\"alignnone size-medium wp-image-545\" src=\"https:\/\/clinicaescolainisa.ufms.br\/files\/2024\/09\/WhatsApp-Image-2024-09-26-at-15.44.50-300x225.jpeg\" alt=\"\" width=\"300\" height=\"225\" srcset=\"https:\/\/clinicaescolainisa.ufms.br\/files\/2024\/09\/WhatsApp-Image-2024-09-26-at-15.44.50-300x225.jpeg 300w, https:\/\/clinicaescolainisa.ufms.br\/files\/2024\/09\/WhatsApp-Image-2024-09-26-at-15.44.50-1024x768.jpeg 1024w, https:\/\/clinicaescolainisa.ufms.br\/files\/2024\/09\/WhatsApp-Image-2024-09-26-at-15.44.50-768x576.jpeg 768w, https:\/\/clinicaescolainisa.ufms.br\/files\/2024\/09\/WhatsApp-Image-2024-09-26-at-15.44.50-427x320.jpeg 427w, https:\/\/clinicaescolainisa.ufms.br\/files\/2024\/09\/WhatsApp-Image-2024-09-26-at-15.44.50.jpeg 1280w\" sizes=\"(max-width: 300px) 100vw, 300px\" \/><\/span><\/p><p><span style=\"color: #000000;font-family: georgia, palatino, serif\">A Cl\u00ednica Escola Integrada (CEI) \u00e9 uma unidade prestadora de servi\u00e7os em sa\u00fade do Instituto Integrado de Sa\u00fade da Funda\u00e7\u00e3o Universidade Federal de Mato Grosso do Sul, foi inaugurada no dia 13 de setembro de 2013 e iniciou suas atividades em 2014.<\/span><\/p><p><span style=\"color: #000000;font-family: georgia, palatino, serif\">Tem por finalidade a\u00e7\u00f5es de ensino, pesquisa para melhor forma\u00e7\u00e3o acad\u00eamica dos estudantes de gradua\u00e7\u00e3o e p\u00f3s-gradua\u00e7\u00e3o, lato e stricto sensu, da UFMS, prioritariamente dos cursos de Enfermagem, Fisioterapia e Nutri\u00e7\u00e3o da Cidade Universit\u00e1ria.<\/span><\/p><p><span style=\"color: #000000;font-family: georgia, palatino, serif\">Os principais objetivos da CEI s\u00e3o: promover a articula\u00e7\u00e3o com a comunidade visando \u00e0 amplia\u00e7\u00e3o da rede de acesso \u00e0 sa\u00fade; manter e ampliar o interc\u00e2mbio acad\u00eamico, t\u00e9cnico e cientifico com institui\u00e7\u00f5es cong\u00eaneres afins, nacionais e internacionais e, colaborar com o sistema de sa\u00fade local e regional, sob as premissas da interdisciplinaridade e transdisciplinaridade, organicidade das a\u00e7\u00f5es, na forma de Linhas de Cuidado e por Ciclos de Vida, que s\u00e3o:<\/span><\/p><ul><li style=\"text-align: left\"><span style=\"text-align: center;color: #000000;font-family: georgia, palatino, serif\">1\u00ba ciclo: Perinatologia;<\/span><\/li><li style=\"text-align: left\"><span style=\"color: #000000;font-family: georgia, palatino, serif\">2\u00ba Ciclo: Crian\u00e7a e Adolescente;<\/span><\/li><li style=\"text-align: left\"><span style=\"color: #000000;font-family: georgia, palatino, serif\">3\u00ba Ciclo: Adulto Jovem\/Adulto<\/span><\/li><li style=\"text-align: left\"><span style=\"color: #000000;font-family: georgia, palatino, serif\">4\u00ba Ciclo: Pessoa Idosa.<\/span><\/li><\/ul><p style=\"text-align: left\">\u00a0<\/p>\t\t\t\t\t\t\t\t<\/div>\n\t\t\t\t<\/div>\n\t\t\t\t\t<\/div>\n\t\t\t\t<\/div>\n\t\t\t\t<\/div>\n\t\t","protected":false},"excerpt":{"rendered":"<p>\u00a0 A Cl\u00ednica Escola Integrada (CEI) \u00e9 uma unidade prestadora de servi\u00e7os em sa\u00fade do Instituto Integrado de Sa\u00fade da Funda\u00e7\u00e3o Universidade Federal de Mato Grosso do Sul, foi inaugurada no dia 13 de setembro de 2013 e iniciou suas atividades em 2014. Tem por finalidade a\u00e7\u00f5es de ensino, pesquisa para melhor forma\u00e7\u00e3o acad\u00eamica dos [&hellip;]<\/p>\n","protected":false},"author":21865,"featured_media":0,"parent":0,"menu_order":0,"comment_status":"closed","ping_status":"closed","template":"","meta":{"_acf_changed":false,"footnotes":""},"coauthors":[],"class_list":["post-33","page","type-page","status-publish","hentry"],"acf":[],"_links":{"self":[{"href":"https:\/\/clinicaescolainisa.ufms.br\/en\/wp-json\/wp\/v2\/pages\/33","targetHints":{"allow":["GET"]}}],"collection":[{"href":"https:\/\/clinicaescolainisa.ufms.br\/en\/wp-json\/wp\/v2\/pages"}],"about":[{"href":"https:\/\/clinicaescolainisa.ufms.br\/en\/wp-json\/wp\/v2\/types\/page"}],"author":[{"embeddable":true,"href":"https:\/\/clinicaescolainisa.ufms.br\/en\/wp-json\/wp\/v2\/users\/21865"}],"replies":[{"embeddable":true,"href":"https:\/\/clinicaescolainisa.ufms.br\/en\/wp-json\/wp\/v2\/comments?post=33"}],"version-history":[{"count":20,"href":"https:\/\/clinicaescolainisa.ufms.br\/en\/wp-json\/wp\/v2\/pages\/33\/revisions"}],"predecessor-version":[{"id":718,"href":"https:\/\/clinicaescolainisa.ufms.br\/en\/wp-json\/wp\/v2\/pages\/33\/revisions\/718"}],"wp:attachment":[{"href":"https:\/\/clinicaescolainisa.ufms.br\/en\/wp-json\/wp\/v2\/media?parent=33"}],"wp:term":[{"taxonomy":"author","embeddable":true,"href":"https:\/\/clinicaescolainisa.ufms.br\/en\/wp-json\/wp\/v2\/coauthors?post=33"}],"curies":[{"name":"wp","href":"https:\/\/api.w.org\/{rel}","templated":true}]}}