{"id":36,"date":"2021-08-02T15:24:55","date_gmt":"2021-08-02T19:24:55","guid":{"rendered":"https:\/\/clinicaescolainisa.ufms.br\/?page_id=36"},"modified":"2025-02-27T16:16:21","modified_gmt":"2025-02-27T20:16:21","slug":"fale-conosco","status":"publish","type":"page","link":"https:\/\/clinicaescolainisa.ufms.br\/en\/fale-conosco\/","title":{"rendered":"Contato"},"content":{"rendered":"<h4>Cl\u00ednica Escola Integrada &#8211; INISA<\/h4>\n<table style=\"border-collapse: collapse;width: 77.3024%;height: 157px\">\n<tbody>\n<tr style=\"height: 25px\">\n<td style=\"height: 25px;width: 53.6545%;text-align: left\" width=\"336\">Coordena\u00e7\u00e3o de Cl\u00ednica Escola Integrada<\/td>\n<td style=\"height: 25px;width: 136.698%;text-align: center\" width=\"104\">3345-7966<\/td>\n<\/tr>\n<tr style=\"height: 27px\">\n<td style=\"height: 27px;width: 53.6545%;text-align: left\" width=\"336\">Recep\u00e7\u00e3o<\/td>\n<td style=\"height: 27px;width: 136.698%;text-align: center\" width=\"104\">3345-7967<\/td>\n<\/tr>\n<tr style=\"height: 27px\">\n<td style=\"height: 27px;width: 53.6545%;text-align: left\" width=\"336\">Agendamentos (WhatsApp)<\/td>\n<td style=\"height: 27px;width: 136.698%;text-align: center\" width=\"104\">3345- 7969<\/td>\n<\/tr>\n<tr style=\"height: 27px\">\n<td style=\"height: 27px;width: 53.6545%;text-align: left\" width=\"336\">Coordena\u00e7\u00e3o Administrativa<\/td>\n<td style=\"height: 27px;width: 136.698%;text-align: center\" width=\"104\">3345-7968<\/td>\n<\/tr>\n<tr style=\"height: 27px\">\n<td style=\"height: 27px;width: 53.6545%;text-align: left\" width=\"336\">Sala de Vacinas<\/td>\n<td style=\"height: 27px;width: 136.698%;text-align: center\" width=\"104\">3345-7497<\/td>\n<\/tr>\n<tr style=\"height: 24px\">\n<td style=\"width: 53.6545%;height: 24px\">E-mail<\/td>\n<td style=\"width: 136.698%;height: 24px;text-align: center\">cei.inisa@ufms.br<\/td>\n<\/tr>\n<\/tbody>\n<\/table>\n<p>&nbsp;<\/p>\n<p><span class=\"w8qArf FoJoyf\"><a class=\"fl\" href=\"https:\/\/www.google.com\/search?sca_esv=8536d3cccb765549&amp;sca_upv=1&amp;rlz=1C1GCEU_pt-BRBR1128BR1128&amp;q=cl%C3%ADnica+escola+integrada+endere%C3%A7o&amp;ludocid=13727710980572299226&amp;sa=X&amp;ved=2ahUKEwj3reyq9-OIAxWZs5UCHcylBRoQ6BN6BAg-EAI\" data-ved=\"2ahUKEwj3reyq9-OIAxWZs5UCHcylBRoQ6BN6BAg-EAI\">Endere\u00e7o: Pioneiros, Campo Grande &#8211; MS, 79050-010<\/a><\/span><\/p>\n<p>&nbsp;<\/p>\n","protected":false},"excerpt":{"rendered":"<p>Cl\u00ednica Escola Integrada &#8211; INISA Coordena\u00e7\u00e3o de Cl\u00ednica Escola Integrada 3345-7966 Recep\u00e7\u00e3o 3345-7967 Agendamentos (WhatsApp) 3345- 7969 Coordena\u00e7\u00e3o Administrativa 3345-7968 Sala de Vacinas 3345-7497 E-mail cei.inisa@ufms.br &nbsp; Endere\u00e7o: Pioneiros, Campo Grande &#8211; MS, 79050-010 &nbsp;<\/p>\n","protected":false},"author":21865,"featured_media":0,"parent":0,"menu_order":0,"comment_status":"closed","ping_status":"closed","template":"","meta":{"_acf_changed":false,"footnotes":""},"coauthors":[],"class_list":["post-36","page","type-page","status-publish","hentry"],"acf":[],"_links":{"self":[{"href":"https:\/\/clinicaescolainisa.ufms.br\/en\/wp-json\/wp\/v2\/pages\/36","targetHints":{"allow":["GET"]}}],"collection":[{"href":"https:\/\/clinicaescolainisa.ufms.br\/en\/wp-json\/wp\/v2\/pages"}],"about":[{"href":"https:\/\/clinicaescolainisa.ufms.br\/en\/wp-json\/wp\/v2\/types\/page"}],"author":[{"embeddable":true,"href":"https:\/\/clinicaescolainisa.ufms.br\/en\/wp-json\/wp\/v2\/users\/21865"}],"replies":[{"embeddable":true,"href":"https:\/\/clinicaescolainisa.ufms.br\/en\/wp-json\/wp\/v2\/comments?post=36"}],"version-history":[{"count":10,"href":"https:\/\/clinicaescolainisa.ufms.br\/en\/wp-json\/wp\/v2\/pages\/36\/revisions"}],"predecessor-version":[{"id":834,"href":"https:\/\/clinicaescolainisa.ufms.br\/en\/wp-json\/wp\/v2\/pages\/36\/revisions\/834"}],"wp:attachment":[{"href":"https:\/\/clinicaescolainisa.ufms.br\/en\/wp-json\/wp\/v2\/media?parent=36"}],"wp:term":[{"taxonomy":"author","embeddable":true,"href":"https:\/\/clinicaescolainisa.ufms.br\/en\/wp-json\/wp\/v2\/coauthors?post=36"}],"curies":[{"name":"wp","href":"https:\/\/api.w.org\/{rel}","templated":true}]}}