{"id":37,"date":"2021-08-02T15:24:55","date_gmt":"2021-08-02T19:24:55","guid":{"rendered":"https:\/\/clinicaescolainisa.ufms.br\/?page_id=37"},"modified":"2024-12-16T08:54:22","modified_gmt":"2024-12-16T12:54:22","slug":"localizacao","status":"publish","type":"page","link":"https:\/\/clinicaescolainisa.ufms.br\/en\/localizacao\/","title":{"rendered":"Localiza\u00e7\u00e3o"},"content":{"rendered":"<p style=\"text-align: center\"><span style=\"font-family: georgia, palatino, serif\">A Cl\u00ednica Escola Integrada localiza-se atr\u00e1s do bloco 12 e ao lado Pas-Ufms.<\/span><\/p>\n<p style=\"text-align: center\"><a href=\"https:\/\/clinicaescolainisa.ufms.br\/files\/2024\/09\/Captura-de-tela-2024-09-27-105656.png\" rel=\"https:\/\/maps.app.goo.gl\/XsG2KyHVQQF6zPxd6\"><img decoding=\"async\" class=\"alignnone wp-image-574 size-medium\" src=\"https:\/\/clinicaescolainisa.ufms.br\/files\/2024\/09\/Captura-de-tela-2024-09-27-105656-300x164.png\" alt=\"\" width=\"300\" height=\"164\" srcset=\"https:\/\/clinicaescolainisa.ufms.br\/files\/2024\/09\/Captura-de-tela-2024-09-27-105656-300x164.png 300w, https:\/\/clinicaescolainisa.ufms.br\/files\/2024\/09\/Captura-de-tela-2024-09-27-105656-586x320.png 586w, https:\/\/clinicaescolainisa.ufms.br\/files\/2024\/09\/Captura-de-tela-2024-09-27-105656.png 747w\" sizes=\"(max-width: 300px) 100vw, 300px\" \/><\/a><\/p>\n<p style=\"text-align: center\">\u00a0<a href=\"https:\/\/maps.app.goo.gl\/jaYLvG7tRrtQBvuL6\" target=\"_blank\" rel=\"noopener\">Localiza\u00e7\u00e3o Google Maps<\/a><\/p>\n<p>&nbsp;<\/p>\n<p style=\"text-align: center\"><span style=\"font-family: georgia, palatino, serif\">QR Code localiza\u00e7\u00e3o Cl\u00ednica Escola Integrada.<\/span><\/p>\n<p style=\"text-align: center\"><img fetchpriority=\"high\" decoding=\"async\" class=\"alignnone wp-image-579\" src=\"https:\/\/clinicaescolainisa.ufms.br\/files\/2024\/09\/localizacao-300x300.png\" alt=\"\" width=\"250\" height=\"250\" srcset=\"https:\/\/clinicaescolainisa.ufms.br\/files\/2024\/09\/localizacao-300x300.png 300w, https:\/\/clinicaescolainisa.ufms.br\/files\/2024\/09\/localizacao-1024x1024.png 1024w, https:\/\/clinicaescolainisa.ufms.br\/files\/2024\/09\/localizacao-150x150.png 150w, https:\/\/clinicaescolainisa.ufms.br\/files\/2024\/09\/localizacao-768x768.png 768w, https:\/\/clinicaescolainisa.ufms.br\/files\/2024\/09\/localizacao-1536x1536.png 1536w, https:\/\/clinicaescolainisa.ufms.br\/files\/2024\/09\/localizacao-320x320.png 320w, https:\/\/clinicaescolainisa.ufms.br\/files\/2024\/09\/localizacao.png 2000w\" sizes=\"(max-width: 250px) 100vw, 250px\" \/><\/p>\n<p style=\"text-align: center\">\n","protected":false},"excerpt":{"rendered":"<p>A Cl\u00ednica Escola Integrada localiza-se atr\u00e1s do bloco 12 e ao lado Pas-Ufms. \u00a0Localiza\u00e7\u00e3o Google Maps &nbsp; QR Code localiza\u00e7\u00e3o Cl\u00ednica Escola Integrada.<\/p>\n","protected":false},"author":21865,"featured_media":0,"parent":0,"menu_order":0,"comment_status":"closed","ping_status":"closed","template":"","meta":{"_acf_changed":false,"footnotes":""},"coauthors":[],"class_list":["post-37","page","type-page","status-publish","hentry"],"acf":[],"_links":{"self":[{"href":"https:\/\/clinicaescolainisa.ufms.br\/en\/wp-json\/wp\/v2\/pages\/37","targetHints":{"allow":["GET"]}}],"collection":[{"href":"https:\/\/clinicaescolainisa.ufms.br\/en\/wp-json\/wp\/v2\/pages"}],"about":[{"href":"https:\/\/clinicaescolainisa.ufms.br\/en\/wp-json\/wp\/v2\/types\/page"}],"author":[{"embeddable":true,"href":"https:\/\/clinicaescolainisa.ufms.br\/en\/wp-json\/wp\/v2\/users\/21865"}],"replies":[{"embeddable":true,"href":"https:\/\/clinicaescolainisa.ufms.br\/en\/wp-json\/wp\/v2\/comments?post=37"}],"version-history":[{"count":17,"href":"https:\/\/clinicaescolainisa.ufms.br\/en\/wp-json\/wp\/v2\/pages\/37\/revisions"}],"predecessor-version":[{"id":752,"href":"https:\/\/clinicaescolainisa.ufms.br\/en\/wp-json\/wp\/v2\/pages\/37\/revisions\/752"}],"wp:attachment":[{"href":"https:\/\/clinicaescolainisa.ufms.br\/en\/wp-json\/wp\/v2\/media?parent=37"}],"wp:term":[{"taxonomy":"author","embeddable":true,"href":"https:\/\/clinicaescolainisa.ufms.br\/en\/wp-json\/wp\/v2\/coauthors?post=37"}],"curies":[{"name":"wp","href":"https:\/\/api.w.org\/{rel}","templated":true}]}}