{"id":387,"date":"2024-05-03T14:54:43","date_gmt":"2024-05-03T18:54:43","guid":{"rendered":"https:\/\/clinicaescolainisa.ufms.br\/?page_id=387"},"modified":"2026-02-25T14:42:03","modified_gmt":"2026-02-25T18:42:03","slug":"solicitacao-de-atendimento","status":"publish","type":"page","link":"https:\/\/clinicaescolainisa.ufms.br\/en\/solicitacao-de-atendimento\/","title":{"rendered":"Solicita\u00e7\u00e3o de Atendimento"},"content":{"rendered":"<p><a href=\"https:\/\/clinicaescolainisa.ufms.br\/atendimento-neurologico-em-pediatria\/\" target=\"_blank\" rel=\"noopener\">Atendimento Neurol\u00f3gico em Pediatria<\/a><\/p>\n<p><a href=\"https:\/\/clinicaescolainisa.ufms.br\/ortopedia\/\">Ortopedia<\/a><\/p>\n<p><a href=\"https:\/\/clinicaescolainisa.ufms.br\/saude-do-atleta\/\">Sa\u00fade do Atleta<\/a><\/p>\n<p><a href=\"https:\/\/clinicaescolainisa.ufms.br\/solicitacao-de-atendimento\/fisioterapia-pelvica-e-dermatofuncional\/\">Fisioterapia P\u00e9lvica e Dermatofuncional<\/a><\/p>\n<p><a href=\"https:\/\/clinicaescolainisa.ufms.br\/?page_id=925&amp;preview=true\">DP\/DA: Estimula\u00e7\u00e3o Cognitiva e Motora em Idosos com Doen\u00e7a de Parkinson e Decl\u00ednio Cognitivo<\/a><\/p>\n<p><a href=\"https:\/\/clinicaescolainisa.ufms.br\/atendimento-nutricional\/\">Atendimento Nutricional<\/a><\/p>\n<p><a title=\"Exame de Pele para uso do Complexo Aqu\u00e1tico\" href=\"https:\/\/clinicaescolainisa.ufms.br\/exame-de-pele-para-uso-do-complexo-aquatico-3\/\">Exame de Pele para uso do Complexo Aqu\u00e1tico<\/a><\/p>\n<p><a href=\"https:\/\/clinicaescolainisa.ufms.br\/solicitacao-de-atendimento\/projeto-respiur\/\">Projeto Respira<\/a><\/p>\n<p><a href=\"https:\/\/clinicaescolainisa.ufms.br\/fisioterapia-na-saude-do-idoso\/\">Fisioterapia na Sa\u00fade do Idoso<\/a><\/p>\n","protected":false},"excerpt":{"rendered":"<p>Atendimento Neurol\u00f3gico em Pediatria Ortopedia Sa\u00fade do Atleta Fisioterapia P\u00e9lvica e Dermatofuncional DP\/DA: Estimula\u00e7\u00e3o Cognitiva e Motora em Idosos com Doen\u00e7a de Parkinson e Decl\u00ednio Cognitivo Atendimento Nutricional Exame de Pele para uso do Complexo Aqu\u00e1tico Projeto Respira Fisioterapia na Sa\u00fade do Idoso<\/p>\n","protected":false},"author":1033,"featured_media":0,"parent":0,"menu_order":0,"comment_status":"closed","ping_status":"closed","template":"","meta":{"_acf_changed":false,"footnotes":""},"coauthors":[8],"class_list":["post-387","page","type-page","status-publish","hentry"],"acf":[],"_links":{"self":[{"href":"https:\/\/clinicaescolainisa.ufms.br\/en\/wp-json\/wp\/v2\/pages\/387","targetHints":{"allow":["GET"]}}],"collection":[{"href":"https:\/\/clinicaescolainisa.ufms.br\/en\/wp-json\/wp\/v2\/pages"}],"about":[{"href":"https:\/\/clinicaescolainisa.ufms.br\/en\/wp-json\/wp\/v2\/types\/page"}],"author":[{"embeddable":true,"href":"https:\/\/clinicaescolainisa.ufms.br\/en\/wp-json\/wp\/v2\/users\/1033"}],"replies":[{"embeddable":true,"href":"https:\/\/clinicaescolainisa.ufms.br\/en\/wp-json\/wp\/v2\/comments?post=387"}],"version-history":[{"count":16,"href":"https:\/\/clinicaescolainisa.ufms.br\/en\/wp-json\/wp\/v2\/pages\/387\/revisions"}],"predecessor-version":[{"id":1277,"href":"https:\/\/clinicaescolainisa.ufms.br\/en\/wp-json\/wp\/v2\/pages\/387\/revisions\/1277"}],"wp:attachment":[{"href":"https:\/\/clinicaescolainisa.ufms.br\/en\/wp-json\/wp\/v2\/media?parent=387"}],"wp:term":[{"taxonomy":"author","embeddable":true,"href":"https:\/\/clinicaescolainisa.ufms.br\/en\/wp-json\/wp\/v2\/coauthors?post=387"}],"curies":[{"name":"wp","href":"https:\/\/api.w.org\/{rel}","templated":true}]}}