{"id":398,"date":"2024-05-03T16:41:49","date_gmt":"2024-05-03T20:41:49","guid":{"rendered":"https:\/\/clinicaescolainisa.ufms.br\/?page_id=398"},"modified":"2026-03-13T08:49:12","modified_gmt":"2026-03-13T12:49:12","slug":"exame-de-pele-para-uso-do-complexo-aquatico-3","status":"publish","type":"page","link":"https:\/\/clinicaescolainisa.ufms.br\/en\/exame-de-pele-para-uso-do-complexo-aquatico-3\/","title":{"rendered":"Avalia\u00e7\u00e3o Dermatol\u00f3gica para uso do Complexo Aqu\u00e1tico da UFMS"},"content":{"rendered":"<p>Servidores e estudantes da UFMS que desejam utilizar a piscina localizada na Cidade Universit\u00e1ria devem realizar uma avalia\u00e7\u00e3o dermatol\u00f3gica pr\u00e9via.<\/p>\n<p>A avalia\u00e7\u00e3o \u00e9 r\u00e1pida, simples e totalmente indolor. Durante a avalia\u00e7\u00e3o, \u00e9 feita uma inspe\u00e7\u00e3o da pele, com aten\u00e7\u00e3o especial \u00e0s dobras cut\u00e2neas das m\u00e3os e dos p\u00e9s.<\/p>\n<p>O objetivo \u00e9 garantir a sa\u00fade e seguran\u00e7a de todos os usu\u00e1rios do Complexo Aqu\u00e1tico, identificando poss\u00edveis doen\u00e7as dermatol\u00f3gicas contagiosas.<\/p>\n<p class=\"\" data-start=\"525\" data-end=\"548\"><strong data-start=\"525\" data-end=\"546\">P\u00fablico atendido:<\/strong><\/p>\n<ul data-start=\"549\" data-end=\"666\">\n<li class=\"\" data-start=\"549\" data-end=\"584\">\n<p class=\"\" data-start=\"551\" data-end=\"584\">Estudantes e servidores da UFMS<\/p>\n<\/li>\n<li class=\"\" data-start=\"585\" data-end=\"613\">\n<p class=\"\" data-start=\"587\" data-end=\"613\">Familiares de servidores<\/p>\n<\/li>\n<li class=\"\" data-start=\"614\" data-end=\"666\">\n<p class=\"\" data-start=\"616\" data-end=\"666\">Pacientes da Cl\u00ednica Escola Integrada (INISA\/UFMS)<\/p>\n<\/li>\n<\/ul>\n<p><strong>Hor\u00e1rio de Atendimento:<\/strong><\/p>\n<ul>\n<li><strong>Sextas-feiras<\/strong>: 7h30 \u00e0s 11h45 e 13h <span style=\"color: #333333\">\u00e0s 16h30\u00a0<\/span><\/li>\n<\/ul>\n<p><span style=\"color: #ff0000\"><strong>Observa\u00e7\u00e3o:<\/strong><\/span> <strong>O atendimento ocorrer\u00e1 por ordem de chegada.<\/strong><\/p>\n<p><strong>Vagas:\u00a0<\/strong><\/p>\n<ul>\n<li><strong>Per\u00edodo Matutino:<\/strong> 15 vagas<\/li>\n<li><strong>Per\u00edodo Vespertino:<\/strong> 15 vagas<\/li>\n<\/ul>\n<p><strong>Documentos Necess\u00e1rios:<\/strong><\/p>\n<ul>\n<li>Comprovante de v\u00ednculo com a UFMS<\/li>\n<li class=\"\" data-start=\"585\" data-end=\"613\">\n<p class=\"\" data-start=\"587\" data-end=\"613\">Documento Oficial com foto<\/p>\n<\/li>\n<\/ul>\n<p><strong>Orienta\u00e7\u00f5es Importantes:<\/strong><\/p>\n<ul>\n<li>Os usu\u00e1rios devem comparecer \u00e0 avalia\u00e7\u00e3o utilizando traje de banho, que \u00e9 essencial para a realiza\u00e7\u00e3o do exame.<\/li>\n<\/ul>\n<p>Garanta sua sa\u00fade e contribua para a seguran\u00e7a de todos no Complexo Aqu\u00e1tico!<\/p>\n<p>&nbsp;<\/p>\n","protected":false},"excerpt":{"rendered":"<p>Servidores e estudantes da UFMS que desejam utilizar a piscina localizada na Cidade Universit\u00e1ria devem realizar uma avalia\u00e7\u00e3o dermatol\u00f3gica pr\u00e9via. A avalia\u00e7\u00e3o \u00e9 r\u00e1pida, simples e totalmente indolor. Durante a avalia\u00e7\u00e3o, \u00e9 feita uma inspe\u00e7\u00e3o da pele, com aten\u00e7\u00e3o especial \u00e0s dobras cut\u00e2neas das m\u00e3os e dos p\u00e9s. O objetivo \u00e9 garantir a sa\u00fade e [&hellip;]<\/p>\n","protected":false},"author":1033,"featured_media":0,"parent":0,"menu_order":0,"comment_status":"closed","ping_status":"closed","template":"","meta":{"_acf_changed":false,"footnotes":""},"coauthors":[8],"class_list":["post-398","page","type-page","status-publish","hentry"],"acf":[],"_links":{"self":[{"href":"https:\/\/clinicaescolainisa.ufms.br\/en\/wp-json\/wp\/v2\/pages\/398","targetHints":{"allow":["GET"]}}],"collection":[{"href":"https:\/\/clinicaescolainisa.ufms.br\/en\/wp-json\/wp\/v2\/pages"}],"about":[{"href":"https:\/\/clinicaescolainisa.ufms.br\/en\/wp-json\/wp\/v2\/types\/page"}],"author":[{"embeddable":true,"href":"https:\/\/clinicaescolainisa.ufms.br\/en\/wp-json\/wp\/v2\/users\/1033"}],"replies":[{"embeddable":true,"href":"https:\/\/clinicaescolainisa.ufms.br\/en\/wp-json\/wp\/v2\/comments?post=398"}],"version-history":[{"count":41,"href":"https:\/\/clinicaescolainisa.ufms.br\/en\/wp-json\/wp\/v2\/pages\/398\/revisions"}],"predecessor-version":[{"id":1298,"href":"https:\/\/clinicaescolainisa.ufms.br\/en\/wp-json\/wp\/v2\/pages\/398\/revisions\/1298"}],"wp:attachment":[{"href":"https:\/\/clinicaescolainisa.ufms.br\/en\/wp-json\/wp\/v2\/media?parent=398"}],"wp:term":[{"taxonomy":"author","embeddable":true,"href":"https:\/\/clinicaescolainisa.ufms.br\/en\/wp-json\/wp\/v2\/coauthors?post=398"}],"curies":[{"name":"wp","href":"https:\/\/api.w.org\/{rel}","templated":true}]}}