{"id":437,"date":"2024-05-13T16:02:19","date_gmt":"2024-05-13T20:02:19","guid":{"rendered":"https:\/\/clinicaescolainisa.ufms.br\/?page_id=437"},"modified":"2026-03-26T14:31:33","modified_gmt":"2026-03-26T18:31:33","slug":"atendimento-nutricional","status":"publish","type":"page","link":"https:\/\/clinicaescolainisa.ufms.br\/en\/atendimento-nutricional\/","title":{"rendered":"Nutri\u00e7\u00e3o"},"content":{"rendered":"<a href=\"https:\/\/clinicaescolainisa.ufms.br\/files\/2026\/03\/WhatsApp-Image-2026-03-16-at-13.49.49.jpeg\"><img decoding=\"async\" class=\"aligncenter wp-image-1299\" src=\"https:\/\/clinicaescolainisa.ufms.br\/files\/2026\/03\/WhatsApp-Image-2026-03-16-at-13.49.49-225x300.jpeg\" alt=\"\" width=\"300\" height=\"400\" srcset=\"https:\/\/clinicaescolainisa.ufms.br\/files\/2026\/03\/WhatsApp-Image-2026-03-16-at-13.49.49-225x300.jpeg 225w, https:\/\/clinicaescolainisa.ufms.br\/files\/2026\/03\/WhatsApp-Image-2026-03-16-at-13.49.49-767x1024.jpeg 767w, https:\/\/clinicaescolainisa.ufms.br\/files\/2026\/03\/WhatsApp-Image-2026-03-16-at-13.49.49-768x1025.jpeg 768w, https:\/\/clinicaescolainisa.ufms.br\/files\/2026\/03\/WhatsApp-Image-2026-03-16-at-13.49.49-1151x1536.jpeg 1151w, https:\/\/clinicaescolainisa.ufms.br\/files\/2026\/03\/WhatsApp-Image-2026-03-16-at-13.49.49-240x320.jpeg 240w, https:\/\/clinicaescolainisa.ufms.br\/files\/2026\/03\/WhatsApp-Image-2026-03-16-at-13.49.49.jpeg 1199w\" sizes=\"(max-width: 300px) 100vw, 300px\" \/><\/a><\/p>\n<p>A Cl\u00ednica Escola Integrada (CEI) conta atualmente com tr\u00eas projetos de atendimento nutricional, cada um deles com p\u00fablico-alvo distintos.<\/p>\n<ul>\n<li><strong>AGAN &#8211; Ambulat\u00f3rio Geral de Alimenta\u00e7\u00e3o e Nutri\u00e7\u00e3o<\/strong><\/li>\n<\/ul>\n<p style=\"padding-left: 40px\">Atendimento ambulatorial aberto \u00e0 comunidade (prioridade para pessoas com condi\u00e7\u00f5es cr\u00f4nicas).<\/p>\n<ul>\n<li><strong>ANA &#8211; Atendimento Nutricional Ambulatorial para Acad\u00eamicos<\/strong><\/li>\n<\/ul>\n<p style=\"padding-left: 40px\">Presta atendimento nutricional ambulatorial a acad\u00eamicos da UFMS.<\/p>\n<ul>\n<li><strong>Nutres &#8211; Projeto de Nutri\u00e7\u00e3o Esportiva e Sa\u00fade<\/strong><\/li>\n<\/ul>\n<p style=\"padding-left: 40px\"><span class=\"OYPEnA\">Atendimento para\u00a0<\/span><span class=\"OYPEnA\">atletas<\/span><span class=\"OYPEnA\">\u00a0e\u00a0<\/span><span class=\"OYPEnA\">esportistas<\/span><span class=\"OYPEnA\">\u00a0de todas as idades e modalidades esportivas que treinem pelo menos\u00a0<\/span><span class=\"OYPEnA\">4 vezes por semana <\/span><span class=\"OYPEnA\">h\u00e1 pelo menos 6 meses.<\/span><\/p>\n<p>&nbsp;<\/p>\n<p><strong><span class=\"styles_wordWithSynonyms__8M9z7\">Antes<\/span> de <span class=\"styles_wordWithSynonyms__8M9z7\">preencher<\/span> o formul\u00e1rio, \u00e9 <span class=\"styles_wordWithSynonyms__8M9z7\">importante<\/span> <span class=\"styles_wordWithSynonyms__8M9z7\">entender<\/span> <span class=\"styles_wordWithSynonyms__8M9z7\">qual<\/span> <span class=\"styles_wordWithSynonyms__8M9z7\">projeto<\/span> atende \u00e0s suas necessidades e se voc\u00ea faz <span class=\"styles_wordWithSynonyms__8M9z7\">parte<\/span> do p\u00fablico-alvo.<\/strong><\/p>\n<p>&nbsp;<\/p>\n<p style=\"text-align: center\"><a href=\"https:\/\/forms.gle\/MCXEhkVBAEJaaV5bA\" target=\"_blank\" rel=\"noopener\">INSCRI\u00c7\u00d5ES AQUI<\/a><\/p>\n<p>&nbsp;","protected":false},"excerpt":{"rendered":"<p>A Cl\u00ednica Escola Integrada (CEI) conta atualmente com tr\u00eas projetos de atendimento nutricional, cada um deles com p\u00fablico-alvo distintos. AGAN &#8211; Ambulat\u00f3rio Geral de Alimenta\u00e7\u00e3o e Nutri\u00e7\u00e3o Atendimento ambulatorial aberto \u00e0 comunidade (prioridade para pessoas com condi\u00e7\u00f5es cr\u00f4nicas). ANA &#8211; Atendimento Nutricional Ambulatorial para Acad\u00eamicos Presta atendimento nutricional ambulatorial a acad\u00eamicos da UFMS. Nutres &#8211; [&hellip;]<\/p>\n","protected":false},"author":1033,"featured_media":0,"parent":0,"menu_order":0,"comment_status":"closed","ping_status":"closed","template":"","meta":{"_acf_changed":false,"footnotes":""},"coauthors":[8],"class_list":["post-437","page","type-page","status-publish","hentry"],"acf":[],"_links":{"self":[{"href":"https:\/\/clinicaescolainisa.ufms.br\/en\/wp-json\/wp\/v2\/pages\/437","targetHints":{"allow":["GET"]}}],"collection":[{"href":"https:\/\/clinicaescolainisa.ufms.br\/en\/wp-json\/wp\/v2\/pages"}],"about":[{"href":"https:\/\/clinicaescolainisa.ufms.br\/en\/wp-json\/wp\/v2\/types\/page"}],"author":[{"embeddable":true,"href":"https:\/\/clinicaescolainisa.ufms.br\/en\/wp-json\/wp\/v2\/users\/1033"}],"replies":[{"embeddable":true,"href":"https:\/\/clinicaescolainisa.ufms.br\/en\/wp-json\/wp\/v2\/comments?post=437"}],"version-history":[{"count":16,"href":"https:\/\/clinicaescolainisa.ufms.br\/en\/wp-json\/wp\/v2\/pages\/437\/revisions"}],"predecessor-version":[{"id":1308,"href":"https:\/\/clinicaescolainisa.ufms.br\/en\/wp-json\/wp\/v2\/pages\/437\/revisions\/1308"}],"wp:attachment":[{"href":"https:\/\/clinicaescolainisa.ufms.br\/en\/wp-json\/wp\/v2\/media?parent=437"}],"wp:term":[{"taxonomy":"author","embeddable":true,"href":"https:\/\/clinicaescolainisa.ufms.br\/en\/wp-json\/wp\/v2\/coauthors?post=437"}],"curies":[{"name":"wp","href":"https:\/\/api.w.org\/{rel}","templated":true}]}}