{"id":452,"date":"2024-05-15T16:19:57","date_gmt":"2024-05-15T20:19:57","guid":{"rendered":"https:\/\/clinicaescolainisa.ufms.br\/?page_id=452"},"modified":"2025-08-13T13:20:24","modified_gmt":"2025-08-13T17:20:24","slug":"ortopedia-2","status":"publish","type":"page","link":"https:\/\/clinicaescolainisa.ufms.br\/en\/ortopedia-2\/","title":{"rendered":"Fisioterapia"},"content":{"rendered":"<p><a href=\"https:\/\/clinicaescolainisa.ufms.br\/ortopedia\/\">Ortopedia<\/a><\/p>\n<p><a href=\"https:\/\/clinicaescolainisa.ufms.br\/saude-do-atleta\/\">Sa\u00fade do Atleta<\/a><\/p>\n<p><a href=\"https:\/\/clinicaescolainisa.ufms.br\/cardiorespiratoria\/\">Fisioterapia na \u00c1rea Cardiopulmonar<\/a><\/p>\n<p><a href=\"https:\/\/clinicaescolainisa.ufms.br\/terapia-de-reequilibrio-toraco-abdominal-em-pediatria\/\">Terapia de Reequil\u00edbrio T\u00f3raco-Abdominal em Pediatria<\/a><\/p>\n<p><a href=\"https:\/\/clinicaescolainisa.ufms.br\/solicitacao-de-atendimento\/fisioterapia-pelvica-e-dermatofuncional\/\" target=\"_blank\" rel=\"noopener\">Fisioterapia P\u00e9lvica e Dermatofuncional<\/a><\/p>\n<p><a href=\"https:\/\/clinicaescolainisa.ufms.br\/solicitacao-de-atendimento\/projeto-respiur\/\" target=\"_blank\" rel=\"noopener\">Projeto Respira<\/a><\/p>\n<p><a href=\"https:\/\/clinicaescolainisa.ufms.br\/estimulacao-cognitiva-e-motora-em-idosos-com-doenca-de-parkinson-e-declinio-cognitivo\/\" target=\"_blank\" rel=\"noopener\">Estimula\u00e7\u00e3o Cognitiva e Motora em Idosos com Doen\u00e7a de Parkinson e Decl\u00ednio Cognitivo<\/a><\/p>\n","protected":false},"excerpt":{"rendered":"<p>Ortopedia Sa\u00fade do Atleta Fisioterapia na \u00c1rea Cardiopulmonar Terapia de Reequil\u00edbrio T\u00f3raco-Abdominal em Pediatria Fisioterapia P\u00e9lvica e Dermatofuncional Projeto Respira Estimula\u00e7\u00e3o Cognitiva e Motora em Idosos com Doen\u00e7a de Parkinson e Decl\u00ednio Cognitivo<\/p>\n","protected":false},"author":1033,"featured_media":0,"parent":0,"menu_order":0,"comment_status":"closed","ping_status":"closed","template":"","meta":{"_acf_changed":false,"footnotes":""},"coauthors":[8],"class_list":["post-452","page","type-page","status-publish","hentry"],"acf":[],"_links":{"self":[{"href":"https:\/\/clinicaescolainisa.ufms.br\/en\/wp-json\/wp\/v2\/pages\/452","targetHints":{"allow":["GET"]}}],"collection":[{"href":"https:\/\/clinicaescolainisa.ufms.br\/en\/wp-json\/wp\/v2\/pages"}],"about":[{"href":"https:\/\/clinicaescolainisa.ufms.br\/en\/wp-json\/wp\/v2\/types\/page"}],"author":[{"embeddable":true,"href":"https:\/\/clinicaescolainisa.ufms.br\/en\/wp-json\/wp\/v2\/users\/1033"}],"replies":[{"embeddable":true,"href":"https:\/\/clinicaescolainisa.ufms.br\/en\/wp-json\/wp\/v2\/comments?post=452"}],"version-history":[{"count":10,"href":"https:\/\/clinicaescolainisa.ufms.br\/en\/wp-json\/wp\/v2\/pages\/452\/revisions"}],"predecessor-version":[{"id":1120,"href":"https:\/\/clinicaescolainisa.ufms.br\/en\/wp-json\/wp\/v2\/pages\/452\/revisions\/1120"}],"wp:attachment":[{"href":"https:\/\/clinicaescolainisa.ufms.br\/en\/wp-json\/wp\/v2\/media?parent=452"}],"wp:term":[{"taxonomy":"author","embeddable":true,"href":"https:\/\/clinicaescolainisa.ufms.br\/en\/wp-json\/wp\/v2\/coauthors?post=452"}],"curies":[{"name":"wp","href":"https:\/\/api.w.org\/{rel}","templated":true}]}}