{"id":459,"date":"2024-05-15T16:29:52","date_gmt":"2024-05-15T20:29:52","guid":{"rendered":"https:\/\/clinicaescolainisa.ufms.br\/?page_id=459"},"modified":"2026-04-30T17:04:07","modified_gmt":"2026-04-30T21:04:07","slug":"cardiorespiratoria","status":"publish","type":"page","link":"https:\/\/clinicaescolainisa.ufms.br\/en\/cardiorespiratoria\/","title":{"rendered":"Fisioterapia na \u00c1rea Cardiopulmonar"},"content":{"rendered":"O est\u00e1gio em Fisioterapia na \u00e1rea cardiopulmonar tem como objetivo atender pessoas com doen\u00e7as que afetam o sistema cardiovascular e\/ou respirat\u00f3rio.<\/p>\n<p>O servi\u00e7o oferece um programa de reabilita\u00e7\u00e3o fisioterap\u00eautica, que pode ser realizado de forma individual ou em grupo. O p\u00fablico atendido \u00e9 composto por pessoas de ambos os sexos, com idade igual ou superior a 18 anos, que apresentem condi\u00e7\u00f5es card\u00edacas (como insufici\u00eancia card\u00edaca cr\u00f4nica, p\u00f3s-infarto, cardiomiopatias, entre outras) ou respirat\u00f3rias (como doen\u00e7as pulmonares obstrutivas cr\u00f4nicas, fibrose pulmonar, asma, entre outras), desde que em estado cl\u00ednico est\u00e1vel e com libera\u00e7\u00e3o m\u00e9dica para a pr\u00e1tica de atividades f\u00edsicas.<\/p>\n<p>Todos os interessados passar\u00e3o por uma avalia\u00e7\u00e3o inicial para estratifica\u00e7\u00e3o de risco, baseada em crit\u00e9rios cl\u00ednicos e funcionais.<\/p>\n<p><strong>Vagas dispon\u00edveis:<\/strong><\/p>\n<ul>\n<li>Atendimento individual: 4 a 5 vagas por ciclo.<\/li>\n<li>Atendimento em grupo: fluxo cont\u00ednuo, com inclus\u00e3o de novos participantes conforme avalia\u00e7\u00e3o inicial.<\/li>\n<\/ul>\n<p><strong>Per\u00edodo para solicita\u00e7\u00e3o:<\/strong><\/p>\n<ul>\n<li>Ciclos de est\u00e1gio com dura\u00e7\u00e3o de 8 semanas.<\/li>\n<li>Chamada de aproximadamente 5 pacientes para avalia\u00e7\u00e3o e ingresso na semana seguinte ao t\u00e9rmino de cada ciclo (o ciclo atual encerra em 06\/05\/2025 e as novas inclus\u00f5es iniciar\u00e3o em seguida).<\/li>\n<li>Previs\u00e3o da pr\u00f3xima chamada: de 12\/05\/2025 a 16\/05\/2025<\/li>\n<\/ul>\n<p><strong>P\u00fablico-alvo:<\/strong> Pessoas com doen\u00e7as card\u00edacas ou respirat\u00f3rias est\u00e1veis, com idade igual ou superior a 18 anos e em acompanhamento m\u00e9dico regular, com libera\u00e7\u00e3o para atividade f\u00edsica.<\/p>\n<p><strong>Para incluir o seu nome na lista de espera preencha o formul\u00e1rio\u00a0<a href=\"https:\/\/forms.gle\/n8VFPAFLkQVLcTdWA\" target=\"_blank\" rel=\"noopener\">https:\/\/forms.gle\/n8VFPAFLkQVLcTdWA<\/a><\/strong>","protected":false},"excerpt":{"rendered":"<p>O est\u00e1gio em Fisioterapia na \u00e1rea cardiopulmonar tem como objetivo atender pessoas com doen\u00e7as que afetam o sistema cardiovascular e\/ou respirat\u00f3rio. O servi\u00e7o oferece um programa de reabilita\u00e7\u00e3o fisioterap\u00eautica, que pode ser realizado de forma individual ou em grupo. O p\u00fablico atendido \u00e9 composto por pessoas de ambos os sexos, com idade igual ou superior [&hellip;]<\/p>\n","protected":false},"author":1033,"featured_media":0,"parent":0,"menu_order":0,"comment_status":"closed","ping_status":"closed","template":"","meta":{"_acf_changed":false,"footnotes":""},"coauthors":[8],"class_list":["post-459","page","type-page","status-publish","hentry"],"acf":[],"_links":{"self":[{"href":"https:\/\/clinicaescolainisa.ufms.br\/en\/wp-json\/wp\/v2\/pages\/459","targetHints":{"allow":["GET"]}}],"collection":[{"href":"https:\/\/clinicaescolainisa.ufms.br\/en\/wp-json\/wp\/v2\/pages"}],"about":[{"href":"https:\/\/clinicaescolainisa.ufms.br\/en\/wp-json\/wp\/v2\/types\/page"}],"author":[{"embeddable":true,"href":"https:\/\/clinicaescolainisa.ufms.br\/en\/wp-json\/wp\/v2\/users\/1033"}],"replies":[{"embeddable":true,"href":"https:\/\/clinicaescolainisa.ufms.br\/en\/wp-json\/wp\/v2\/comments?post=459"}],"version-history":[{"count":10,"href":"https:\/\/clinicaescolainisa.ufms.br\/en\/wp-json\/wp\/v2\/pages\/459\/revisions"}],"predecessor-version":[{"id":1315,"href":"https:\/\/clinicaescolainisa.ufms.br\/en\/wp-json\/wp\/v2\/pages\/459\/revisions\/1315"}],"wp:attachment":[{"href":"https:\/\/clinicaescolainisa.ufms.br\/en\/wp-json\/wp\/v2\/media?parent=459"}],"wp:term":[{"taxonomy":"author","embeddable":true,"href":"https:\/\/clinicaescolainisa.ufms.br\/en\/wp-json\/wp\/v2\/coauthors?post=459"}],"curies":[{"name":"wp","href":"https:\/\/api.w.org\/{rel}","templated":true}]}}