{"id":496,"date":"2024-05-16T14:30:25","date_gmt":"2024-05-16T18:30:25","guid":{"rendered":"https:\/\/clinicaescolainisa.ufms.br\/?page_id=496"},"modified":"2026-03-11T10:30:07","modified_gmt":"2026-03-11T14:30:07","slug":"atendimento-especializado-a-saude-do-adulto-pos-avc","status":"publish","type":"page","link":"https:\/\/clinicaescolainisa.ufms.br\/en\/atendimento-especializado-a-saude-do-adulto-pos-avc\/","title":{"rendered":"Atendimento de Fisioterapia em Neurologia Adulto"},"content":{"rendered":"<div>\n<div>\n<div>\n<div>\n<p>In\u00edcio do per\u00edodo de solicita\u00e7\u00e3o: 11 de mar\u00e7o;<\/p>\n<\/div>\n<\/div>\n<div>\n<div>\n<p>P\u00fablico-alvo: Pessoas de 15 a 60 anos;<\/p>\n<p>Vagas dispon\u00edveis: 06 vagas, distribu\u00eddas da seguinte maneira:<\/p>\n<\/div>\n<\/div>\n<\/div>\n<ul>\n<li>04 vagas: Pessoas com Acidente Vascular Encef\u00e1lico (AVE), com at\u00e9 03 meses de les\u00e3o;<\/li>\n<li>02 vagas: Pessoas com Traumatismo Cr\u00e2nio Encef\u00e1lico (TCE), com at\u00e9 03 meses de les\u00e3o;<\/li>\n<\/ul>\n<\/div>\n<p>\u26a0\ufe0f Observa\u00e7\u00f5es importantes:<\/p>\n<div>\n<ul>\n<li>As inscri\u00e7\u00f5es ser\u00e3o encerradas assim que as vagas forem preenchidas.<\/li>\n<li>A solicita\u00e7\u00e3o n\u00e3o garante o agendamento autom\u00e1tico.<\/li>\n<li>Todos os pedidos passar\u00e3o por triagem e an\u00e1lise pr\u00e9via da equipe de sa\u00fade.<\/li>\n<li>Os atendimentos ser\u00e3o realizados \u00e0s ter\u00e7as e quintas-feiras, no per\u00edodo da manh\u00e3.<\/li>\n<\/ul>\n<\/div>\n<div><\/div>\n<div><\/div>\n<div><\/div>\n<div style=\"text-align: center\"><span style=\"font-size: 14pt\"><strong><a href=\"https:\/\/forms.gle\/RyfMhiwL93SppQg39\" target=\"_blank\" rel=\"noopener\">INSCREVA-SE<\/a><\/strong><\/span><\/div>\n<div><\/div>\n","protected":false},"excerpt":{"rendered":"<p>In\u00edcio do per\u00edodo de solicita\u00e7\u00e3o: 11 de mar\u00e7o; P\u00fablico-alvo: Pessoas de 15 a 60 anos; Vagas dispon\u00edveis: 06 vagas, distribu\u00eddas da seguinte maneira: 04 vagas: Pessoas com Acidente Vascular Encef\u00e1lico (AVE), com at\u00e9 03 meses de les\u00e3o; 02 vagas: Pessoas com Traumatismo Cr\u00e2nio Encef\u00e1lico (TCE), com at\u00e9 03 meses de les\u00e3o; \u26a0\ufe0f Observa\u00e7\u00f5es importantes: As [&hellip;]<\/p>\n","protected":false},"author":1033,"featured_media":0,"parent":0,"menu_order":0,"comment_status":"closed","ping_status":"closed","template":"","meta":{"_acf_changed":false,"footnotes":""},"coauthors":[8],"class_list":["post-496","page","type-page","status-publish","hentry"],"acf":[],"_links":{"self":[{"href":"https:\/\/clinicaescolainisa.ufms.br\/en\/wp-json\/wp\/v2\/pages\/496","targetHints":{"allow":["GET"]}}],"collection":[{"href":"https:\/\/clinicaescolainisa.ufms.br\/en\/wp-json\/wp\/v2\/pages"}],"about":[{"href":"https:\/\/clinicaescolainisa.ufms.br\/en\/wp-json\/wp\/v2\/types\/page"}],"author":[{"embeddable":true,"href":"https:\/\/clinicaescolainisa.ufms.br\/en\/wp-json\/wp\/v2\/users\/1033"}],"replies":[{"embeddable":true,"href":"https:\/\/clinicaescolainisa.ufms.br\/en\/wp-json\/wp\/v2\/comments?post=496"}],"version-history":[{"count":7,"href":"https:\/\/clinicaescolainisa.ufms.br\/en\/wp-json\/wp\/v2\/pages\/496\/revisions"}],"predecessor-version":[{"id":1296,"href":"https:\/\/clinicaescolainisa.ufms.br\/en\/wp-json\/wp\/v2\/pages\/496\/revisions\/1296"}],"wp:attachment":[{"href":"https:\/\/clinicaescolainisa.ufms.br\/en\/wp-json\/wp\/v2\/media?parent=496"}],"wp:term":[{"taxonomy":"author","embeddable":true,"href":"https:\/\/clinicaescolainisa.ufms.br\/en\/wp-json\/wp\/v2\/coauthors?post=496"}],"curies":[{"name":"wp","href":"https:\/\/api.w.org\/{rel}","templated":true}]}}