{"id":7,"date":"2021-07-27T12:57:34","date_gmt":"2021-07-27T15:57:34","guid":{"rendered":"http:\/\/clinicaescolainisa.draconis.ufms.br\/?page_id=7"},"modified":"2021-08-03T15:29:24","modified_gmt":"2021-08-03T19:29:24","slug":"noticias","status":"publish","type":"page","link":"https:\/\/clinicaescolainisa.ufms.br\/en\/noticias\/","title":{"rendered":"Not\u00edcias"},"content":{"rendered":"<div id=\"attachment_99\" style=\"width: 310px\" class=\"wp-caption alignleft\"><img fetchpriority=\"high\" decoding=\"async\" aria-describedby=\"caption-attachment-99\" class=\"wp-image-99 size-medium\" src=\"https:\/\/clinicaescolainisa.ufms.br\/files\/2021\/08\/Semana-da-amamentacao-300x300.jpeg\" alt=\"Semana da Amamenta\u00e7\u00e3o\" width=\"300\" height=\"300\" srcset=\"https:\/\/clinicaescolainisa.ufms.br\/files\/2021\/08\/Semana-da-amamentacao-300x300.jpeg 300w, https:\/\/clinicaescolainisa.ufms.br\/files\/2021\/08\/Semana-da-amamentacao-1024x1024.jpeg 1024w, https:\/\/clinicaescolainisa.ufms.br\/files\/2021\/08\/Semana-da-amamentacao-150x150.jpeg 150w, https:\/\/clinicaescolainisa.ufms.br\/files\/2021\/08\/Semana-da-amamentacao-768x768.jpeg 768w, https:\/\/clinicaescolainisa.ufms.br\/files\/2021\/08\/Semana-da-amamentacao-320x320.jpeg 320w, https:\/\/clinicaescolainisa.ufms.br\/files\/2021\/08\/Semana-da-amamentacao.jpeg 1080w\" sizes=\"(max-width: 300px) 100vw, 300px\" \/><p id=\"caption-attachment-99\" class=\"wp-caption-text\">Em comemora\u00e7\u00e3o ao m\u00eas do aleitamento materno, durante a Semana Mundial da Amamenta\u00e7\u00e3o, acontecer\u00e1 nosso evento para tratarmos do tema &#8220;Proteger a Amamenta\u00e7\u00e3o: Responsabilidade de Todos&#8221;.<\/dd>\n<dd><\/p><\/div>\n<p>Para se inscrever basta acessar o link : https:\/\/linktr.ee\/lamam.ufms<\/p>\n<p><img decoding=\"async\" class=\"wp-image-101  alignnone\" src=\"https:\/\/clinicaescolainisa.ufms.br\/files\/2021\/08\/Cronograma-semana-300x300.jpeg\" alt=\"\" width=\"251\" height=\"251\" srcset=\"https:\/\/clinicaescolainisa.ufms.br\/files\/2021\/08\/Cronograma-semana-300x300.jpeg 300w, https:\/\/clinicaescolainisa.ufms.br\/files\/2021\/08\/Cronograma-semana-1024x1024.jpeg 1024w, https:\/\/clinicaescolainisa.ufms.br\/files\/2021\/08\/Cronograma-semana-150x150.jpeg 150w, https:\/\/clinicaescolainisa.ufms.br\/files\/2021\/08\/Cronograma-semana-768x768.jpeg 768w, https:\/\/clinicaescolainisa.ufms.br\/files\/2021\/08\/Cronograma-semana-320x320.jpeg 320w, https:\/\/clinicaescolainisa.ufms.br\/files\/2021\/08\/Cronograma-semana.jpeg 1080w\" sizes=\"(max-width: 251px) 100vw, 251px\" \/><\/p>\n","protected":false},"excerpt":{"rendered":"<p>Para se inscrever basta acessar o link : https:\/\/linktr.ee\/lamam.ufms<\/p>\n","protected":false},"author":26697,"featured_media":0,"parent":0,"menu_order":0,"comment_status":"closed","ping_status":"closed","template":"page-templates\/page-noticias.php","meta":{"_acf_changed":false,"footnotes":""},"coauthors":[],"class_list":["post-7","page","type-page","status-publish","hentry"],"acf":[],"_links":{"self":[{"href":"https:\/\/clinicaescolainisa.ufms.br\/en\/wp-json\/wp\/v2\/pages\/7","targetHints":{"allow":["GET"]}}],"collection":[{"href":"https:\/\/clinicaescolainisa.ufms.br\/en\/wp-json\/wp\/v2\/pages"}],"about":[{"href":"https:\/\/clinicaescolainisa.ufms.br\/en\/wp-json\/wp\/v2\/types\/page"}],"author":[{"embeddable":true,"href":"https:\/\/clinicaescolainisa.ufms.br\/en\/wp-json\/wp\/v2\/users\/26697"}],"replies":[{"embeddable":true,"href":"https:\/\/clinicaescolainisa.ufms.br\/en\/wp-json\/wp\/v2\/comments?post=7"}],"version-history":[{"count":3,"href":"https:\/\/clinicaescolainisa.ufms.br\/en\/wp-json\/wp\/v2\/pages\/7\/revisions"}],"predecessor-version":[{"id":100,"href":"https:\/\/clinicaescolainisa.ufms.br\/en\/wp-json\/wp\/v2\/pages\/7\/revisions\/100"}],"wp:attachment":[{"href":"https:\/\/clinicaescolainisa.ufms.br\/en\/wp-json\/wp\/v2\/media?parent=7"}],"wp:term":[{"taxonomy":"author","embeddable":true,"href":"https:\/\/clinicaescolainisa.ufms.br\/en\/wp-json\/wp\/v2\/coauthors?post=7"}],"curies":[{"name":"wp","href":"https:\/\/api.w.org\/{rel}","templated":true}]}}