{"id":725,"date":"2024-12-16T08:36:14","date_gmt":"2024-12-16T12:36:14","guid":{"rendered":"https:\/\/clinicaescolainisa.ufms.br\/?page_id=725"},"modified":"2025-05-22T16:46:15","modified_gmt":"2025-05-22T20:46:15","slug":"sala-de-vacinas","status":"publish","type":"page","link":"https:\/\/clinicaescolainisa.ufms.br\/en\/sala-de-vacinas\/","title":{"rendered":"Sala de Vacinas"},"content":{"rendered":"<p><strong>Hor\u00e1rio de Atendimento:<\/strong> O atendimento ao p\u00fablico na Sala de Vacinas da Cl\u00ednica Escola Inisa (CEI) acontece de <strong>segunda a sexta-feira<\/strong>, das <strong>7h30 \u00e0s 16h30<\/strong>, sem intervalo para o almo\u00e7o.<\/p>\n<p><strong>EXCE\u00c7\u00c3O<\/strong>: Nas <strong>ter\u00e7as-feiras<\/strong>, n\u00e3o h\u00e1 atendimento ao p\u00fablico devido \u00e0 realiza\u00e7\u00e3o de <strong>desinfec\u00e7\u00e3o terminal da sala e geladeira<\/strong>, recebimento de vacinas, lan\u00e7amento de notas fiscais e atualiza\u00e7\u00e3o de registros.<\/p>\n<p><strong>Contato:<\/strong><\/p>\n<p>Telefone: 67 3345-7497<\/p>\n<p>E-mail: <span class=\"qu\" role=\"gridcell\"><span class=\"go\">vacinacei-inisa@ufms.br<\/span><\/span><\/p>\n<p><strong>Vacina BCG para Rec\u00e9m-Nascidos:<\/strong> A vacina BCG \u00e9 administrada em <strong>rec\u00e9m-nascidos<\/strong> nas <strong>segundas, quartas e sextas-feiras<\/strong>, das <strong>7h30 \u00e0s 13h00<\/strong>.<\/p>\n<p><strong>Vacinas Dispon\u00edveis:<\/strong> A Cl\u00ednica Escola Inisa disponibiliza todas as vacinas do <strong>calend\u00e1rio b\u00e1sico de vacina\u00e7\u00e3o do SUS<\/strong>, <strong>EXCETO<\/strong>:<\/p>\n<ul>\n<li>Vacina contra <strong>dengue<\/strong> (dispon\u00edvel somente nas UBS).<\/li>\n<li><strong>Vacina contra a Covid-19<\/strong> para crian\u00e7as <strong>menores de 12 anos<\/strong>.<\/li>\n<\/ul>\n<p><strong>Vacina de Influenza (Campanha Anual):<\/strong> Em \u00e9poca de campanha anual, disponibilizamos a <strong>vacina de influenza<\/strong> para o p\u00fablico.<\/p>\n<p><strong>Calend\u00e1rio de Vacina\u00e7\u00e3o do SUS:<\/strong> Confira abaixo o <strong>calend\u00e1rio de vacina\u00e7\u00e3o do SUS<\/strong>, com todas as vacinas que s\u00e3o oferecidas na Sala de Vacinas da Cl\u00ednica Escola Inisa.<\/p>\n<p><a href=\"https:\/\/clinicaescolainisa.ufms.br\/files\/2024\/12\/Calendario-Sala-de-Vacinas_page-0001.jpg\"><img fetchpriority=\"high\" decoding=\"async\" class=\"alignleft wp-image-729 size-large\" src=\"https:\/\/clinicaescolainisa.ufms.br\/files\/2024\/12\/Calendario-Sala-de-Vacinas_page-0001-1024x724.jpg\" alt=\"\" width=\"1024\" height=\"724\" srcset=\"https:\/\/clinicaescolainisa.ufms.br\/files\/2024\/12\/Calendario-Sala-de-Vacinas_page-0001-1024x724.jpg 1024w, https:\/\/clinicaescolainisa.ufms.br\/files\/2024\/12\/Calendario-Sala-de-Vacinas_page-0001-300x212.jpg 300w, https:\/\/clinicaescolainisa.ufms.br\/files\/2024\/12\/Calendario-Sala-de-Vacinas_page-0001-768x543.jpg 768w, https:\/\/clinicaescolainisa.ufms.br\/files\/2024\/12\/Calendario-Sala-de-Vacinas_page-0001-1536x1086.jpg 1536w, https:\/\/clinicaescolainisa.ufms.br\/files\/2024\/12\/Calendario-Sala-de-Vacinas_page-0001-453x320.jpg 453w, https:\/\/clinicaescolainisa.ufms.br\/files\/2024\/12\/Calendario-Sala-de-Vacinas_page-0001.jpg 1755w\" sizes=\"(max-width: 1024px) 100vw, 1024px\" \/><\/a> <a href=\"https:\/\/clinicaescolainisa.ufms.br\/files\/2024\/12\/Calendario-Sala-de-Vacinas_page-0002.jpg\"><img decoding=\"async\" class=\"alignleft wp-image-730 size-large\" src=\"https:\/\/clinicaescolainisa.ufms.br\/files\/2024\/12\/Calendario-Sala-de-Vacinas_page-0002-1024x724.jpg\" alt=\"\" width=\"1024\" height=\"724\" srcset=\"https:\/\/clinicaescolainisa.ufms.br\/files\/2024\/12\/Calendario-Sala-de-Vacinas_page-0002-1024x724.jpg 1024w, https:\/\/clinicaescolainisa.ufms.br\/files\/2024\/12\/Calendario-Sala-de-Vacinas_page-0002-300x212.jpg 300w, https:\/\/clinicaescolainisa.ufms.br\/files\/2024\/12\/Calendario-Sala-de-Vacinas_page-0002-768x543.jpg 768w, https:\/\/clinicaescolainisa.ufms.br\/files\/2024\/12\/Calendario-Sala-de-Vacinas_page-0002-1536x1086.jpg 1536w, https:\/\/clinicaescolainisa.ufms.br\/files\/2024\/12\/Calendario-Sala-de-Vacinas_page-0002-453x320.jpg 453w, https:\/\/clinicaescolainisa.ufms.br\/files\/2024\/12\/Calendario-Sala-de-Vacinas_page-0002.jpg 1755w\" sizes=\"(max-width: 1024px) 100vw, 1024px\" \/><\/a> <a href=\"https:\/\/clinicaescolainisa.ufms.br\/files\/2024\/12\/Calendario-Sala-de-Vacinas_page-0003.jpg\"><img decoding=\"async\" class=\"alignleft wp-image-731 size-large\" src=\"https:\/\/clinicaescolainisa.ufms.br\/files\/2024\/12\/Calendario-Sala-de-Vacinas_page-0003-1024x724.jpg\" alt=\"\" width=\"1024\" height=\"724\" srcset=\"https:\/\/clinicaescolainisa.ufms.br\/files\/2024\/12\/Calendario-Sala-de-Vacinas_page-0003-1024x724.jpg 1024w, https:\/\/clinicaescolainisa.ufms.br\/files\/2024\/12\/Calendario-Sala-de-Vacinas_page-0003-300x212.jpg 300w, https:\/\/clinicaescolainisa.ufms.br\/files\/2024\/12\/Calendario-Sala-de-Vacinas_page-0003-768x543.jpg 768w, https:\/\/clinicaescolainisa.ufms.br\/files\/2024\/12\/Calendario-Sala-de-Vacinas_page-0003-1536x1086.jpg 1536w, https:\/\/clinicaescolainisa.ufms.br\/files\/2024\/12\/Calendario-Sala-de-Vacinas_page-0003-453x320.jpg 453w, https:\/\/clinicaescolainisa.ufms.br\/files\/2024\/12\/Calendario-Sala-de-Vacinas_page-0003.jpg 1755w\" sizes=\"(max-width: 1024px) 100vw, 1024px\" \/><\/a> <a href=\"https:\/\/clinicaescolainisa.ufms.br\/files\/2024\/12\/Calendario-Sala-de-Vacinas_page-0004.jpg\"><img loading=\"lazy\" decoding=\"async\" class=\"alignleft wp-image-732 size-large\" src=\"https:\/\/clinicaescolainisa.ufms.br\/files\/2024\/12\/Calendario-Sala-de-Vacinas_page-0004-1024x724.jpg\" alt=\"\" width=\"1024\" height=\"724\" srcset=\"https:\/\/clinicaescolainisa.ufms.br\/files\/2024\/12\/Calendario-Sala-de-Vacinas_page-0004-1024x724.jpg 1024w, https:\/\/clinicaescolainisa.ufms.br\/files\/2024\/12\/Calendario-Sala-de-Vacinas_page-0004-300x212.jpg 300w, https:\/\/clinicaescolainisa.ufms.br\/files\/2024\/12\/Calendario-Sala-de-Vacinas_page-0004-768x543.jpg 768w, https:\/\/clinicaescolainisa.ufms.br\/files\/2024\/12\/Calendario-Sala-de-Vacinas_page-0004-1536x1086.jpg 1536w, https:\/\/clinicaescolainisa.ufms.br\/files\/2024\/12\/Calendario-Sala-de-Vacinas_page-0004-453x320.jpg 453w, https:\/\/clinicaescolainisa.ufms.br\/files\/2024\/12\/Calendario-Sala-de-Vacinas_page-0004.jpg 1755w\" sizes=\"(max-width: 1024px) 100vw, 1024px\" \/><\/a><\/p>\n","protected":false},"excerpt":{"rendered":"<p>Hor\u00e1rio de Atendimento: O atendimento ao p\u00fablico na Sala de Vacinas da Cl\u00ednica Escola Inisa (CEI) acontece de segunda a sexta-feira, das 7h30 \u00e0s 16h30, sem intervalo para o almo\u00e7o. EXCE\u00c7\u00c3O: Nas ter\u00e7as-feiras, n\u00e3o h\u00e1 atendimento ao p\u00fablico devido \u00e0 realiza\u00e7\u00e3o de desinfec\u00e7\u00e3o terminal da sala e geladeira, recebimento de vacinas, lan\u00e7amento de notas fiscais [&hellip;]<\/p>\n","protected":false},"author":1033,"featured_media":0,"parent":0,"menu_order":0,"comment_status":"closed","ping_status":"closed","template":"","meta":{"_acf_changed":false,"footnotes":""},"coauthors":[8],"class_list":["post-725","page","type-page","status-publish","hentry"],"acf":[],"_links":{"self":[{"href":"https:\/\/clinicaescolainisa.ufms.br\/en\/wp-json\/wp\/v2\/pages\/725","targetHints":{"allow":["GET"]}}],"collection":[{"href":"https:\/\/clinicaescolainisa.ufms.br\/en\/wp-json\/wp\/v2\/pages"}],"about":[{"href":"https:\/\/clinicaescolainisa.ufms.br\/en\/wp-json\/wp\/v2\/types\/page"}],"author":[{"embeddable":true,"href":"https:\/\/clinicaescolainisa.ufms.br\/en\/wp-json\/wp\/v2\/users\/1033"}],"replies":[{"embeddable":true,"href":"https:\/\/clinicaescolainisa.ufms.br\/en\/wp-json\/wp\/v2\/comments?post=725"}],"version-history":[{"count":18,"href":"https:\/\/clinicaescolainisa.ufms.br\/en\/wp-json\/wp\/v2\/pages\/725\/revisions"}],"predecessor-version":[{"id":1071,"href":"https:\/\/clinicaescolainisa.ufms.br\/en\/wp-json\/wp\/v2\/pages\/725\/revisions\/1071"}],"wp:attachment":[{"href":"https:\/\/clinicaescolainisa.ufms.br\/en\/wp-json\/wp\/v2\/media?parent=725"}],"wp:term":[{"taxonomy":"author","embeddable":true,"href":"https:\/\/clinicaescolainisa.ufms.br\/en\/wp-json\/wp\/v2\/coauthors?post=725"}],"curies":[{"name":"wp","href":"https:\/\/api.w.org\/{rel}","templated":true}]}}