{"id":847,"date":"2025-03-14T14:08:26","date_gmt":"2025-03-14T18:08:26","guid":{"rendered":"https:\/\/clinicaescolainisa.ufms.br\/?page_id=847"},"modified":"2026-04-24T08:53:45","modified_gmt":"2026-04-24T12:53:45","slug":"saude-do-atleta","status":"publish","type":"page","link":"https:\/\/clinicaescolainisa.ufms.br\/en\/saude-do-atleta\/","title":{"rendered":"Sa\u00fade do Atleta"},"content":{"rendered":"<span style=\"font-size: 12pt\"><img decoding=\"async\" class=\"alignnone size-medium wp-image-460\" src=\"https:\/\/clinicaescolainisa.ufms.br\/files\/2024\/05\/shutterstock_244063741-300x160.jpg\" alt=\"\" width=\"300\" height=\"160\" srcset=\"https:\/\/clinicaescolainisa.ufms.br\/files\/2024\/05\/shutterstock_244063741-300x160.jpg 300w, https:\/\/clinicaescolainisa.ufms.br\/files\/2024\/05\/shutterstock_244063741-1024x546.jpg 1024w, https:\/\/clinicaescolainisa.ufms.br\/files\/2024\/05\/shutterstock_244063741-768x410.jpg 768w, https:\/\/clinicaescolainisa.ufms.br\/files\/2024\/05\/shutterstock_244063741-600x320.jpg 600w, https:\/\/clinicaescolainisa.ufms.br\/files\/2024\/05\/shutterstock_244063741.jpg 1500w\" sizes=\"(max-width: 300px) 100vw, 300px\" \/><\/span><\/p>\n<ul>\n<li><span style=\"font-size: 12pt\"><strong>Vagas dispon\u00edveis:<\/strong> 15 vagas<\/span><\/li>\n<li><span style=\"font-size: 12pt\"><strong>\u00cdnicio do per\u00edodo para solicita\u00e7\u00e3o:<\/strong> 06 de mar\u00e7o de 2026<\/span><\/li>\n<li><span style=\"font-size: 12pt\"><strong>P\u00fablico-alvo:<\/strong> Atletas ativos com:<\/span>\n<ul>\n<li><span style=\"font-size: 12pt\">Patologias ortop\u00e9dicas;<\/span><\/li>\n<li><span style=\"font-size: 12pt\">P\u00f3s-operat\u00f3rios de fraturas;<\/span><\/li>\n<li><span style=\"font-size: 12pt\">Altera\u00e7\u00f5es na coluna vertebral (cervical, tor\u00e1cica e lombar), entre outros.<\/span><\/li>\n<\/ul>\n<\/li>\n<\/ul>\n<ul>\n<li><strong>Atendimento<\/strong>:\u00a0Os atendimentos s\u00e3o realizados \u00e0s ter\u00e7as e quintas, no per\u00edodo matutino;<\/li>\n<\/ul>\n<p><span style=\"font-size: 12pt\"><strong>Observa\u00e7\u00f5es i<\/strong><\/span><span style=\"font-size: 12pt\"><strong>mportantes:<\/strong><\/span><\/p>\n<div>\n<ul>\n<li><strong><span style=\"font-size: 12pt\">As inscri\u00e7\u00f5es ser\u00e3o encerradas assim que as vagas forem preenchidas;<\/span><\/strong><\/li>\n<li><span style=\"font-size: 12pt\">A solicita\u00e7\u00e3o n\u00e3o garante o agendamento autom\u00e1tico;<\/span><\/li>\n<li><span style=\"font-size: 12pt\">Todos os pedidos passar\u00e3o por triagem e an\u00e1lise pr\u00e9via da equipe de sa\u00fade.<\/span><\/li>\n<\/ul>\n<\/div>\n<p>&nbsp;<\/p>\n<p style=\"text-align: center\"><a href=\"https:\/\/forms.gle\/EoUjR3avmAhy5bzj7\" target=\"_blank\" rel=\"noopener\">INSCREVA-SE AQUI<\/a><\/p>","protected":false},"excerpt":{"rendered":"<p>Vagas dispon\u00edveis: 15 vagas \u00cdnicio do per\u00edodo para solicita\u00e7\u00e3o: 06 de mar\u00e7o de 2026 P\u00fablico-alvo: Atletas ativos com: Patologias ortop\u00e9dicas; P\u00f3s-operat\u00f3rios de fraturas; Altera\u00e7\u00f5es na coluna vertebral (cervical, tor\u00e1cica e lombar), entre outros. Atendimento:\u00a0Os atendimentos s\u00e3o realizados \u00e0s ter\u00e7as e quintas, no per\u00edodo matutino; Observa\u00e7\u00f5es importantes: As inscri\u00e7\u00f5es ser\u00e3o encerradas assim que as vagas forem [&hellip;]<\/p>\n","protected":false},"author":2473,"featured_media":0,"parent":0,"menu_order":0,"comment_status":"closed","ping_status":"closed","template":"","meta":{"_acf_changed":false,"footnotes":""},"coauthors":[11],"class_list":["post-847","page","type-page","status-publish","hentry"],"acf":[],"_links":{"self":[{"href":"https:\/\/clinicaescolainisa.ufms.br\/en\/wp-json\/wp\/v2\/pages\/847","targetHints":{"allow":["GET"]}}],"collection":[{"href":"https:\/\/clinicaescolainisa.ufms.br\/en\/wp-json\/wp\/v2\/pages"}],"about":[{"href":"https:\/\/clinicaescolainisa.ufms.br\/en\/wp-json\/wp\/v2\/types\/page"}],"author":[{"embeddable":true,"href":"https:\/\/clinicaescolainisa.ufms.br\/en\/wp-json\/wp\/v2\/users\/2473"}],"replies":[{"embeddable":true,"href":"https:\/\/clinicaescolainisa.ufms.br\/en\/wp-json\/wp\/v2\/comments?post=847"}],"version-history":[{"count":22,"href":"https:\/\/clinicaescolainisa.ufms.br\/en\/wp-json\/wp\/v2\/pages\/847\/revisions"}],"predecessor-version":[{"id":1312,"href":"https:\/\/clinicaescolainisa.ufms.br\/en\/wp-json\/wp\/v2\/pages\/847\/revisions\/1312"}],"wp:attachment":[{"href":"https:\/\/clinicaescolainisa.ufms.br\/en\/wp-json\/wp\/v2\/media?parent=847"}],"wp:term":[{"taxonomy":"author","embeddable":true,"href":"https:\/\/clinicaescolainisa.ufms.br\/en\/wp-json\/wp\/v2\/coauthors?post=847"}],"curies":[{"name":"wp","href":"https:\/\/api.w.org\/{rel}","templated":true}]}}