{"id":906,"date":"2025-04-08T10:09:22","date_gmt":"2025-04-08T14:09:22","guid":{"rendered":"https:\/\/clinicaescolainisa.ufms.br\/?page_id=906"},"modified":"2025-05-05T11:38:46","modified_gmt":"2025-05-05T15:38:46","slug":"fisioterapia-pelvica-e-dermatofuncional","status":"publish","type":"page","link":"https:\/\/clinicaescolainisa.ufms.br\/en\/solicitacao-de-atendimento\/fisioterapia-pelvica-e-dermatofuncional\/","title":{"rendered":"Fisioterapia P\u00e9lvica e Dermatofuncional"},"content":{"rendered":"<p><strong>Fisioterapia P\u00e9lvica<\/strong><\/p>\n<p>Atendimento aos usu\u00e1rios do SUS\u00a0 provenientes do Ambulat\u00f3rio de Ginecologia, Proctologia e Urologia por meio de fisioterapia p\u00e9lvica.<\/p>\n<ul>\n<li><strong>P\u00fablico-Alvo:<\/strong> Usu\u00e1rios do SUS encaminhados do Ambulat\u00f3rio de Urologia, Ginecologica, Proctologia da Santa Casa.<\/li>\n<\/ul>\n<p><strong>Fisioterapia Dermatofuncional<\/strong><\/p>\n<p>Atendimento aos usu\u00e1rios do SUS do Hospital Santa Casa, setor de Cirurgia Pl\u00e1stica\u00a0 na \u00e1rea de Fisioterapia dermatofuncional.<\/p>\n<ul>\n<li><strong>P\u00fablico-Alvo:<\/strong> Usu\u00e1rios do SUS encaminhados do Ambulat\u00f3rio Dermatofuncional da Santa Casa, setor de Cirurgia pl\u00e1stica.<\/li>\n<\/ul>\n<p><span style=\"font-size: 12pt\"><strong>Informa\u00e7\u00f5es Importantes<\/strong><\/span><\/p>\n<ul>\n<li><strong>Vagas dispon\u00edveis:<\/strong> 50 vagas iniciais.<\/li>\n<li><strong>Per\u00edodo para solicita\u00e7\u00e3o:<\/strong> Fluxo cont\u00ednuo.<\/li>\n<li>As inscri\u00e7\u00f5es ser\u00e3o encerradas automaticamente assim que todas as vagas forem preenchidas.<\/li>\n<li>A solicita\u00e7\u00e3o de atendimento <strong>n\u00e3o garante o agendamento autom\u00e1tico<\/strong>, pois as informa\u00e7\u00f5es fornecidas passar\u00e3o por triagem e an\u00e1lise pr\u00e9via dos profissionais de sa\u00fade. O agendamento ser\u00e1 realizado conforme as especificidades e a capacidade de atendimento da Cl\u00ednica Escola Integrada.<\/li>\n<\/ul>\n<p>&nbsp;<\/p>\n<p style=\"text-align: center\"><span style=\"font-size: 12pt\"><strong>Para incluir o seu nome na lista de espera preencha o formul\u00e1rio abaixo:<\/strong><\/span><\/p>\n<p style=\"text-align: center\"><span style=\"font-size: 14pt\"><a title=\"Fisioterapia P\u00e9lvica e Dermatofuncional\" href=\"https:\/\/docs.google.com\/forms\/d\/e\/1FAIpQLSe7kR1vSUnJ8YKOtr98r0Dj-m3FGIhHAl8vsyJtAXgwcgsTUg\/viewform?usp=dialog\" target=\"_blank\" rel=\"noopener\">Fisioterapia P\u00e9lvica e Dermatofuncional<\/a><\/span><\/p>\n<p>&nbsp;<\/p>\n","protected":false},"excerpt":{"rendered":"<p>Fisioterapia P\u00e9lvica Atendimento aos usu\u00e1rios do SUS\u00a0 provenientes do Ambulat\u00f3rio de Ginecologia, Proctologia e Urologia por meio de fisioterapia p\u00e9lvica. P\u00fablico-Alvo: Usu\u00e1rios do SUS encaminhados do Ambulat\u00f3rio de Urologia, Ginecologica, Proctologia da Santa Casa. Fisioterapia Dermatofuncional Atendimento aos usu\u00e1rios do SUS do Hospital Santa Casa, setor de Cirurgia Pl\u00e1stica\u00a0 na \u00e1rea de Fisioterapia dermatofuncional. P\u00fablico-Alvo: [&hellip;]<\/p>\n","protected":false},"author":1033,"featured_media":0,"parent":387,"menu_order":0,"comment_status":"closed","ping_status":"closed","template":"","meta":{"_acf_changed":false,"footnotes":""},"coauthors":[8],"class_list":["post-906","page","type-page","status-publish","hentry"],"acf":[],"_links":{"self":[{"href":"https:\/\/clinicaescolainisa.ufms.br\/en\/wp-json\/wp\/v2\/pages\/906","targetHints":{"allow":["GET"]}}],"collection":[{"href":"https:\/\/clinicaescolainisa.ufms.br\/en\/wp-json\/wp\/v2\/pages"}],"about":[{"href":"https:\/\/clinicaescolainisa.ufms.br\/en\/wp-json\/wp\/v2\/types\/page"}],"author":[{"embeddable":true,"href":"https:\/\/clinicaescolainisa.ufms.br\/en\/wp-json\/wp\/v2\/users\/1033"}],"replies":[{"embeddable":true,"href":"https:\/\/clinicaescolainisa.ufms.br\/en\/wp-json\/wp\/v2\/comments?post=906"}],"version-history":[{"count":14,"href":"https:\/\/clinicaescolainisa.ufms.br\/en\/wp-json\/wp\/v2\/pages\/906\/revisions"}],"predecessor-version":[{"id":1011,"href":"https:\/\/clinicaescolainisa.ufms.br\/en\/wp-json\/wp\/v2\/pages\/906\/revisions\/1011"}],"up":[{"embeddable":true,"href":"https:\/\/clinicaescolainisa.ufms.br\/en\/wp-json\/wp\/v2\/pages\/387"}],"wp:attachment":[{"href":"https:\/\/clinicaescolainisa.ufms.br\/en\/wp-json\/wp\/v2\/media?parent=906"}],"wp:term":[{"taxonomy":"author","embeddable":true,"href":"https:\/\/clinicaescolainisa.ufms.br\/en\/wp-json\/wp\/v2\/coauthors?post=906"}],"curies":[{"name":"wp","href":"https:\/\/api.w.org\/{rel}","templated":true}]}}