{"id":925,"date":"2025-04-09T10:38:27","date_gmt":"2025-04-09T14:38:27","guid":{"rendered":"https:\/\/clinicaescolainisa.ufms.br\/?page_id=925"},"modified":"2025-04-09T10:38:27","modified_gmt":"2025-04-09T14:38:27","slug":"estimulacao-cognitiva-e-motora-em-idosos-com-doenca-de-parkinson-e-declinio-cognitivo","status":"publish","type":"page","link":"https:\/\/clinicaescolainisa.ufms.br\/en\/estimulacao-cognitiva-e-motora-em-idosos-com-doenca-de-parkinson-e-declinio-cognitivo\/","title":{"rendered":"Estimula\u00e7\u00e3o Cognitiva e Motora em Idosos com Doen\u00e7a de Parkinson e Decl\u00ednio Cognitivo"},"content":{"rendered":"<p><strong><span class=\"gmail_default\">DP\/DA: Estimula\u00e7\u00e3o Cognitiva e Motora em Idosos com Doen\u00e7a de Parkinson e Decl\u00ednio Cognitivo<\/span><\/strong><\/p>\n<p><span class=\"gmail_default\">Atendimento fisioterap\u00eautico a idosos com doen\u00e7a de Parkinson, dem\u00eancias e decl\u00ednio cognitivo em geral.<\/span><\/p>\n<ul>\n<li><strong>P\u00fablico-Alvo:<\/strong><span class=\"gmail_default\">I<\/span><span class=\"gmail_default\">dosos com doen\u00e7a de Parkinson, dem\u00eancias e decl\u00ednio cognitivo em geral.<\/span><\/li>\n<\/ul>\n<p><strong>Informa\u00e7\u00f5es Importantes<\/strong><\/p>\n<ul>\n<li><strong>Vagas dispon\u00edveis:<\/strong> 10 vagas para DP e 10 vagas para DA<\/li>\n<li><strong>Per\u00edodo para solicita\u00e7\u00e3o:<\/strong>\u00a0Fluxo cont\u00ednuo.<\/li>\n<li>As inscri\u00e7\u00f5es ser\u00e3o encerradas automaticamente assim que todas as vagas forem preenchidas.<\/li>\n<li>A solicita\u00e7\u00e3o de atendimento\u00a0<strong>n\u00e3o garante o agendamento autom\u00e1tico<\/strong>, pois as informa\u00e7\u00f5es fornecidas passar\u00e3o por triagem e an\u00e1lise pr\u00e9via dos profissionais de sa\u00fade. O agendamento ser\u00e1 realizado conforme as especificidades e a capacidade de atendimento da Cl\u00ednica Escola Integrada.<\/li>\n<\/ul>\n<p>&nbsp;<\/p>\n<p style=\"text-align: center\"><strong>Para incluir o seu nome na lista de espera preencha o formul\u00e1rio abaixo:<\/strong><\/p>\n<p style=\"text-align: center\"><a href=\"https:\/\/docs.google.com\/forms\/d\/e\/1FAIpQLSfCID-i_zSY4wdYucoirdqL_1R6FpnoD9A63_DB04paWlrsJA\/viewform?usp=dialog\" target=\"_blank\" rel=\"noopener\">DP\/DA: Estimula\u00e7\u00e3o cognitiva e motora em idosos com doen\u00e7a de Parkinson e decl\u00ednio cognitivo<\/a><\/p>\n","protected":false},"excerpt":{"rendered":"<p>DP\/DA: Estimula\u00e7\u00e3o Cognitiva e Motora em Idosos com Doen\u00e7a de Parkinson e Decl\u00ednio Cognitivo Atendimento fisioterap\u00eautico a idosos com doen\u00e7a de Parkinson, dem\u00eancias e decl\u00ednio cognitivo em geral. P\u00fablico-Alvo:Idosos com doen\u00e7a de Parkinson, dem\u00eancias e decl\u00ednio cognitivo em geral. Informa\u00e7\u00f5es Importantes Vagas dispon\u00edveis: 10 vagas para DP e 10 vagas para DA Per\u00edodo para solicita\u00e7\u00e3o:\u00a0Fluxo [&hellip;]<\/p>\n","protected":false},"author":1033,"featured_media":0,"parent":0,"menu_order":0,"comment_status":"closed","ping_status":"closed","template":"","meta":{"_acf_changed":false,"footnotes":""},"coauthors":[],"class_list":["post-925","page","type-page","status-publish","hentry"],"acf":[],"_links":{"self":[{"href":"https:\/\/clinicaescolainisa.ufms.br\/en\/wp-json\/wp\/v2\/pages\/925","targetHints":{"allow":["GET"]}}],"collection":[{"href":"https:\/\/clinicaescolainisa.ufms.br\/en\/wp-json\/wp\/v2\/pages"}],"about":[{"href":"https:\/\/clinicaescolainisa.ufms.br\/en\/wp-json\/wp\/v2\/types\/page"}],"author":[{"embeddable":true,"href":"https:\/\/clinicaescolainisa.ufms.br\/en\/wp-json\/wp\/v2\/users\/1033"}],"replies":[{"embeddable":true,"href":"https:\/\/clinicaescolainisa.ufms.br\/en\/wp-json\/wp\/v2\/comments?post=925"}],"version-history":[{"count":2,"href":"https:\/\/clinicaescolainisa.ufms.br\/en\/wp-json\/wp\/v2\/pages\/925\/revisions"}],"predecessor-version":[{"id":927,"href":"https:\/\/clinicaescolainisa.ufms.br\/en\/wp-json\/wp\/v2\/pages\/925\/revisions\/927"}],"wp:attachment":[{"href":"https:\/\/clinicaescolainisa.ufms.br\/en\/wp-json\/wp\/v2\/media?parent=925"}],"wp:term":[{"taxonomy":"author","embeddable":true,"href":"https:\/\/clinicaescolainisa.ufms.br\/en\/wp-json\/wp\/v2\/coauthors?post=925"}],"curies":[{"name":"wp","href":"https:\/\/api.w.org\/{rel}","templated":true}]}}