{"id":998,"date":"2025-05-05T11:05:05","date_gmt":"2025-05-05T15:05:05","guid":{"rendered":"https:\/\/clinicaescolainisa.ufms.br\/?page_id=998"},"modified":"2026-03-23T14:04:46","modified_gmt":"2026-03-23T18:04:46","slug":"projeto-respiur","status":"publish","type":"page","link":"https:\/\/clinicaescolainisa.ufms.br\/en\/solicitacao-de-atendimento\/projeto-respiur\/","title":{"rendered":"Projeto Respira"},"content":{"rendered":"<ul>\n<li><span style=\"font-size: 16px\"><strong>Vagas dispon\u00edveis:<\/strong> 20 vagas<\/span><\/li>\n<li><span style=\"font-size: 16px\"><strong>In\u00edcio do per\u00edodo para solicita\u00e7\u00e3o:<\/strong> 17 de setembro de 2025<\/span><\/li>\n<li><span style=\"font-size: 16px\"><strong>P\u00fablico-alvo:<\/strong> <span data-sheets-root=\"1\"> Beb\u00eas de 0 a 24 meses de idade e adolescentes at\u00e9 18 anos com afec\u00e7\u00f5es cardiorrespirat\u00f3ria agudas<br \/>\ne cr\u00f4nicas. <\/span><\/span><\/li>\n<\/ul>\n<p><span style=\"font-size: 16px\"><strong>Observa\u00e7\u00e3o:<\/strong> As inscri\u00e7\u00f5es ser\u00e3o encerradas automaticamente assim que todas as vagas forem preenchidas.<\/span><\/p>\n<p>&nbsp;<\/p>\n<p style=\"text-align: left\"><span style=\"font-size: 16px\"><strong>Importante:<\/strong><\/span><\/p>\n<p style=\"text-align: left\"><span style=\"font-size: 16px\">A solicita\u00e7\u00e3o de atendimento <strong>n\u00e3o garante o agendamento autom\u00e1tico<\/strong>, pois as informa\u00e7\u00f5es fornecidas passar\u00e3o por triagem e an\u00e1lise pr\u00e9via dos profissionais de sa\u00fade. O agendamento ser\u00e1 realizado conforme as especificidades e a capacidade de atendimento da Cl\u00ednica Escola Integrada.<\/span><\/p>\n<p>&nbsp;<\/p>\n<p style=\"text-align: center\"><span style=\"font-size: 12pt\"><strong>Para incluir o nome na lista de espera preencha o formul\u00e1rio abaixo:<\/strong><\/span><\/p>\n<p style=\"text-align: center\"><a href=\"https:\/\/docs.google.com\/forms\/d\/1uu5CQMGq3MNqOJRAe9C39KiD7jduHttN1vfNFZ9GV-U\/viewform?edit_requested=true\" target=\"_blank\" rel=\"noopener\">Projeto Respira<\/a><\/p>","protected":false},"excerpt":{"rendered":"<p>Vagas dispon\u00edveis: 20 vagas In\u00edcio do per\u00edodo para solicita\u00e7\u00e3o: 17 de setembro de 2025 P\u00fablico-alvo: Beb\u00eas de 0 a 24 meses de idade e adolescentes at\u00e9 18 anos com afec\u00e7\u00f5es cardiorrespirat\u00f3ria agudas e cr\u00f4nicas. Observa\u00e7\u00e3o: As inscri\u00e7\u00f5es ser\u00e3o encerradas automaticamente assim que todas as vagas forem preenchidas. &nbsp; Importante: A solicita\u00e7\u00e3o de atendimento n\u00e3o garante [&hellip;]<\/p>\n","protected":false},"author":1033,"featured_media":0,"parent":387,"menu_order":0,"comment_status":"closed","ping_status":"closed","template":"","meta":{"_acf_changed":false,"footnotes":""},"coauthors":[8],"class_list":["post-998","page","type-page","status-publish","hentry"],"acf":[],"_links":{"self":[{"href":"https:\/\/clinicaescolainisa.ufms.br\/en\/wp-json\/wp\/v2\/pages\/998","targetHints":{"allow":["GET"]}}],"collection":[{"href":"https:\/\/clinicaescolainisa.ufms.br\/en\/wp-json\/wp\/v2\/pages"}],"about":[{"href":"https:\/\/clinicaescolainisa.ufms.br\/en\/wp-json\/wp\/v2\/types\/page"}],"author":[{"embeddable":true,"href":"https:\/\/clinicaescolainisa.ufms.br\/en\/wp-json\/wp\/v2\/users\/1033"}],"replies":[{"embeddable":true,"href":"https:\/\/clinicaescolainisa.ufms.br\/en\/wp-json\/wp\/v2\/comments?post=998"}],"version-history":[{"count":15,"href":"https:\/\/clinicaescolainisa.ufms.br\/en\/wp-json\/wp\/v2\/pages\/998\/revisions"}],"predecessor-version":[{"id":1305,"href":"https:\/\/clinicaescolainisa.ufms.br\/en\/wp-json\/wp\/v2\/pages\/998\/revisions\/1305"}],"up":[{"embeddable":true,"href":"https:\/\/clinicaescolainisa.ufms.br\/en\/wp-json\/wp\/v2\/pages\/387"}],"wp:attachment":[{"href":"https:\/\/clinicaescolainisa.ufms.br\/en\/wp-json\/wp\/v2\/media?parent=998"}],"wp:term":[{"taxonomy":"author","embeddable":true,"href":"https:\/\/clinicaescolainisa.ufms.br\/en\/wp-json\/wp\/v2\/coauthors?post=998"}],"curies":[{"name":"wp","href":"https:\/\/api.w.org\/{rel}","templated":true}]}}